{"id":1634,"date":"2016-07-08T10:51:04","date_gmt":"2016-07-08T02:51:04","guid":{"rendered":"http:\/\/www.cityhub.com.sg\/vi\/?page_id=1634"},"modified":"2016-07-08T10:51:04","modified_gmt":"2016-07-08T02:51:04","slug":"van-phong-tron-goi-tai-saigon-trade-center","status":"publish","type":"page","link":"https:\/\/www.cityhub.com.sg\/vi\/van-phong-tron-goi-tai-saigon-trade-center\/","title":{"rendered":"V\u0103n ph\u00f2ng tr\u1ecdn g\u00f3i t\u1ea1i Saigon Trade Center"},"content":{"rendered":"<h3>Saigon Trade Center l\u00e0 m\u1ed9t trung t\u00e2m th\u01b0\u01a1ng m\u1ea1i t\u00e0i ch\u00ednh c\u1ee7a Th\u00e0nh ph\u1ed1 H\u1ed3 Ch\u00ed Minh. V\u00ec l\u00e0 m\u1ed9t trong nh\u1eefng t\u00f2a nh\u00e0 cao t\u1ea7ng c\u1ee7a th\u00e0nh ph\u1ed1 n\u00ean t\u1eeb \u0111\u00e2y c\u00f3 th\u1ec3 ng\u1eafm to\u00e0n c\u1ea3nh \u0111\u1eb9p nh\u01b0 tranh v\u1ebd c\u1ee7a s\u00f4ng S\u00e0i G\u00f2n. S\u1ef1 quy\u1ebfn r\u0169 c\u1ee7a Saigon Trade Center kh\u00f4ng th\u1ec3 n\u00e0o t\u1eeb ch\u1ed1i \u0111\u01b0\u1ee3c.<\/h3>\n\r\n\t<div class=\"slideshow_container slideshow_container_style-light\" style=\" \" data-slideshow-id=\"1590\" data-style-name=\"style-light\" data-style-version=\"2.3.1\" >\r\n\r\n\t\t\t\t\t<div class=\"slideshow_loading_icon\"><\/div>\r\n\t\t\r\n\t\t<div class=\"slideshow_content\" style=\"display: none;\">\r\n\r\n\t\t\t<div class=\"slideshow_view\">\r\n\t\t\t\t<div class=\"slideshow_slide slideshow_slide_image\">\r\n\t\t\t\t\t\t\t\t\t\t\t<img src=\"https:\/\/www.cityhub.com.sg\/wp-content\/uploads\/sites\/6\/2016\/07\/STC_Reception-D.jpg\" alt=\"Cityhub @ Saigon Trade Centre Reception\" width=\"821\" height=\"548\" \/>\r\n\t\t\t\t\t\t\t\t\t\t<div class=\"slideshow_description_box slideshow_transparent\">\r\n\t\t\t\t\t\t\t\t\t\t\t\t\t\t\t\t\t<\/div>\r\n\t\t\t\t<\/div>\r\n\r\n\t\t\t\t\t\t<div style=\"clear: both;\"><\/div><\/div><div class=\"slideshow_view\">\r\n\t\t\t\t<div class=\"slideshow_slide slideshow_slide_image\">\r\n\t\t\t\t\t\t\t\t\t\t\t<img src=\"https:\/\/www.cityhub.com.sg\/wp-content\/uploads\/sites\/6\/2016\/07\/STC_Boardroom-A.jpg\" alt=\"Cityhub @ Saigon Trade Centre Boardroom\" width=\"791\" height=\"527\" \/>\r\n\t\t\t\t\t\t\t\t\t\t<div class=\"slideshow_description_box slideshow_transparent\">\r\n\t\t\t\t\t\t\t\t\t\t\t\t\t\t\t\t\t<\/div>\r\n\t\t\t\t<\/div>\r\n\r\n\t\t\t\t\t\t<div style=\"clear: both;\"><\/div><\/div><div class=\"slideshow_view\">\r\n\t\t\t\t<div class=\"slideshow_slide slideshow_slide_image\">\r\n\t\t\t\t\t\t\t\t\t\t\t<img src=\"https:\/\/www.cityhub.com.sg\/wp-content\/uploads\/sites\/6\/2016\/07\/STC_Meeting-Rm-A.jpg\" alt=\"Cityhub @ Saigon Trade Centre Meeting Rm\" width=\"821\" height=\"548\" \/>\r\n\t\t\t\t\t\t\t\t\t\t<div class=\"slideshow_description_box slideshow_transparent\">\r\n\t\t\t\t\t\t\t\t\t\t\t\t\t\t\t\t\t<\/div>\r\n\t\t\t\t<\/div>\r\n\r\n\t\t\t\t\t\t<div style=\"clear: both;\"><\/div><\/div><div class=\"slideshow_view\">\r\n\t\t\t\t<div class=\"slideshow_slide slideshow_slide_image\">\r\n\t\t\t\t\t\t\t\t\t\t\t<img src=\"https:\/\/www.cityhub.com.sg\/wp-content\/uploads\/sites\/6\/2016\/07\/STC_HoChinMinh_night.jpg\" alt=\"Ho Chin Minh skyline at night\" width=\"600\" height=\"354\" \/>\r\n\t\t\t\t\t\t\t\t\t\t<div class=\"slideshow_description_box slideshow_transparent\">\r\n\t\t\t\t\t\t\t\t\t\t\t\t\t\t\t\t\t<\/div>\r\n\t\t\t\t<\/div>\r\n\r\n\t\t\t\t\t\t<div style=\"clear: both;\"><\/div><\/div><div class=\"slideshow_view\">\r\n\t\t\t\t<div class=\"slideshow_slide slideshow_slide_image\">\r\n\t\t\t\t\t\t\t\t\t\t\t<img src=\"https:\/\/www.cityhub.com.sg\/wp-content\/uploads\/sites\/6\/2016\/07\/STC_Pantry-A.jpg\" alt=\"Cityhub @ Saigon Trade Centre Pantry (A)\" width=\"1200\" height=\"800\" \/>\r\n\t\t\t\t\t\t\t\t\t\t<div class=\"slideshow_description_box slideshow_transparent\">\r\n\t\t\t\t\t\t\t\t\t\t\t\t\t\t\t\t\t<\/div>\r\n\t\t\t\t<\/div>\r\n\r\n\t\t\t\t\t\t<div style=\"clear: both;\"><\/div><\/div><div class=\"slideshow_view\">\r\n\t\t\t\t<div class=\"slideshow_slide slideshow_slide_image\">\r\n\t\t\t\t\t\t\t\t\t\t\t<img src=\"https:\/\/www.cityhub.com.sg\/wp-content\/uploads\/sites\/6\/2016\/07\/STC_Suite-35.jpg\" alt=\"Cityhub @ Saigon Trade Centre Suite 35\" width=\"1200\" height=\"822\" \/>\r\n\t\t\t\t\t\t\t\t\t\t<div class=\"slideshow_description_box slideshow_transparent\">\r\n\t\t\t\t\t\t\t\t\t\t\t\t\t\t\t\t\t<\/div>\r\n\t\t\t\t<\/div>\r\n\r\n\t\t\t\t\t\t<div style=\"clear: both;\"><\/div><\/div><div class=\"slideshow_view\">\r\n\t\t\t\t<div class=\"slideshow_slide slideshow_slide_image\">\r\n\t\t\t\t\t\t\t\t\t\t\t<img src=\"https:\/\/www.cityhub.com.sg\/wp-content\/uploads\/sites\/6\/2016\/07\/STC_Meeting-room.jpg\" alt=\"Cityhub @ Saigon Trade Centre Meeting room\" width=\"1196\" height=\"673\" \/>\r\n\t\t\t\t\t\t\t\t\t\t<div class=\"slideshow_description_box slideshow_transparent\">\r\n\t\t\t\t\t\t\t\t\t\t\t\t\t\t\t\t\t<\/div>\r\n\t\t\t\t<\/div>\r\n\r\n\t\t\t\t\t\t<div style=\"clear: both;\"><\/div><\/div><div class=\"slideshow_view\">\r\n\t\t\t\t<div class=\"slideshow_slide slideshow_slide_image\">\r\n\t\t\t\t\t\t\t\t\t\t\t<img src=\"https:\/\/www.cityhub.com.sg\/wp-content\/uploads\/sites\/6\/2016\/07\/STC_exterior.jpg\" alt=\"Saigon Trade Centre exterior\" width=\"1200\" height=\"813\" \/>\r\n\t\t\t\t\t\t\t\t\t\t<div class=\"slideshow_description_box slideshow_transparent\">\r\n\t\t\t\t\t\t\t\t\t\t\t\t\t\t\t\t\t<\/div>\r\n\t\t\t\t<\/div>\r\n\r\n\t\t\t\t\t\t<div style=\"clear: both;\"><\/div><\/div>\r\n\t\t<\/div>\r\n\r\n\t\t<div class=\"slideshow_controlPanel slideshow_transparent\" style=\"display: none;\"><ul><li class=\"slideshow_togglePlay\" data-play-text=\"Play\" data-pause-text=\"Pause\"><\/li><\/ul><\/div>\r\n\r\n\t\t<div class=\"slideshow_button slideshow_previous slideshow_transparent\" role=\"button\" data-previous-text=\"Previous\" style=\"display: none;\"><\/div>\r\n\t\t<div class=\"slideshow_button slideshow_next slideshow_transparent\" role=\"button\" data-next-text=\"Next\" style=\"display: none;\"><\/div>\r\n\r\n\t\t<div class=\"slideshow_pagination\" style=\"display: none;\" data-go-to-text=\"Go to slide\"><div class=\"slideshow_pagination_center\"><\/div><\/div>\r\n\r\n\t\t<!-- WordPress Slideshow Version 2.3.1 -->\r\n\r\n\t\t\t<\/div>\r\n\r\n\n<hr\/>\n<p>Saigon Trade Center l\u00e0 t\u00f2a nh\u00e0 t\u1ecda l\u1ea1c t\u1ea1i \u0111\u1ecba \u0111i\u1ec3m trung t\u00e2m cung c\u1ea5p nh\u1eefng ti\u1ec7n \u00edch c\u1ea7n thi\u1ebft nh\u1ea5t cho vi\u1ec7c v\u1eadn h\u00e0nh ho\u1ea1t \u0111\u1ed9ng kinh doanh c\u1ee7a doanh nghi\u1ec7p. C\u00e1c c\u00f4ng ty v\u00e0 t\u1eadp \u0111o\u00e0n \u0111a qu\u1ed1c gia, c\u00e1c ng\u00e2n h\u00e0ng l\u1edbn c\u0169ng \u0111\u1eb7t v\u0103n ph\u00f2ng trong t\u00f2a nh\u00e0 n\u00e0y nh\u01b0 Ng\u00e2n h\u00e0ng Standard Chatered v\u00e0 ng\u00e2n h\u00e0ng n\u1ed9i \u0111\u1ecba l\u1edbn nh\u01b0 Vietcombank. Nhi\u1ec1u nh\u00e0 h\u00e0ng n\u1ed5i ti\u1ebfng v\u1edbi c\u00e1c m\u00f3n \u0103n \u0111a d\u1ea1ng v\u00e0 nh\u1eefng kh\u00e1ch s\u1ea1n ti\u00eau chu\u1ea9n n\u0103m sao c\u0169ng t\u1eadp trung g\u1ea7n khu v\u1ef1c n\u00e0y. <\/p>\n<p>V\u0103n ph\u00f2ng CityHub \u0111\u1ea3m b\u1ea3o m\u1ed9t m\u00f4i tr\u01b0\u1eddng l\u00e0m vi\u1ec7c chuy\u00ean nghi\u1ec7p v\u00e0 t\u1ed1i \u01b0u. V\u0103n ph\u00f2ng ch\u00fang t\u00f4i v\u1edbi c\u01a1 s\u1edf v\u1eadt ch\u1ea5t v\u00e0 d\u1ecbch v\u1ee5 nh\u1eb1m ph\u1ee5c v\u1ee5 cho vi\u1ec7c kinh doanh c\u1ee7a b\u1ea1n v\u1edbi m\u1ed9t m\u1ee9c gi\u00e1 h\u1ee3p l\u00fd v\u00e0 th\u1eddi gian linh ho\u1ea1t. CityHub cung c\u1ea5p nhi\u1ec1u h\u01a1n l\u00e0 m\u1ed9t v\u0103n ph\u00f2ng v\u00e0 h\u1ed7 tr\u1ee3 kinh doanh \u2013 m\u1ed9t g\u00f3c nh\u00ecn tuy\u1ec7t \u0111\u1eb9p, v\u1ecb tr\u00ed penthhouse y\u00ean t\u0129nh v\u00e0 tinh t\u1ebf, h\u1ee9a h\u1eb9n s\u1ebd truy\u1ec1n nhi\u1ec1u c\u1ea3m h\u1ee9ng cho b\u1ea1n l\u00e0m vi\u1ec7c.<br \/>\nV\u0103n ph\u00f2ng CityHub ch\u00fang t\u00f4i t\u1ea1i Saigon Trade Center cung c\u1ea5p cho b\u1ea1n \u0111\u1ecba \u0111i\u1ec3m \u0111\u1ea7u t\u01b0 thu\u1eadn l\u1ee3i \u0111\u1ec3 b\u1ea1n c\u00f3 th\u1ec3 b\u00e0nh tr\u01b0\u1edbng vi\u1ec7c kinh doanh v\u00e0o th\u1ecb tr\u01b0\u1eddng Vi\u1ec7t Nam. N\u1ebfu nh\u01b0 b\u1ea1n \u0111ang t\u00ecm ki\u1ebfm c\u01a1 h\u1ed9i kinh doanh v\u00e0 v\u1eabn t\u1ed1i \u01b0u h\u00f3a \u0111\u01b0\u1ee3c chi ph\u00ed \u0111i\u1ec1u h\u00e0nh th\u00ec v\u0103n ph\u00f2ng CityHub r\u00f5 r\u00e0ng l\u00e0 m\u1ed9t l\u1ef1a ch\u1ecdn h\u1ee3p l\u00fd.<\/p>\n","protected":false},"excerpt":{"rendered":"<p>Saigon Trade Center l\u00e0 m\u1ed9t trung t\u00e2m th\u01b0\u01a1ng m\u1ea1i t\u00e0i ch\u00ednh c\u1ee7a Th\u00e0nh ph\u1ed1 H\u1ed3 Ch\u00ed Minh. V\u00ec l\u00e0 m\u1ed9t trong nh\u1eefng t\u00f2a nh\u00e0 cao t\u1ea7ng c\u1ee7a th\u00e0nh ph\u1ed1 n\u00ean [&hellip;] <a class=\"more-link\" href=\"https:\/\/www.cityhub.com.sg\/vi\/van-phong-tron-goi-tai-saigon-trade-center\/\">\u0111\u1ecdc th\u00eam \u00bb<\/a><\/p>","protected":false},"author":2,"featured_media":0,"parent":0,"menu_order":0,"comment_status":"closed","ping_status":"closed","template":"","meta":{"_acf_changed":false,"_genesis_hide_title":false,"_genesis_hide_breadcrumbs":false,"_genesis_hide_singular_image":false,"_genesis_hide_footer_widgets":false,"_genesis_custom_body_class":"","_genesis_custom_post_class":"","_genesis_layout":"","footnotes":""},"class_list":{"0":"post-1634","1":"page","2":"type-page","3":"status-publish","5":"entry"},"acf":[],"_links":{"self":[{"href":"https:\/\/www.cityhub.com.sg\/vi\/wp-json\/wp\/v2\/pages\/1634","targetHints":{"allow":["GET"]}}],"collection":[{"href":"https:\/\/www.cityhub.com.sg\/vi\/wp-json\/wp\/v2\/pages"}],"about":[{"href":"https:\/\/www.cityhub.com.sg\/vi\/wp-json\/wp\/v2\/types\/page"}],"author":[{"embeddable":true,"href":"https:\/\/www.cityhub.com.sg\/vi\/wp-json\/wp\/v2\/users\/2"}],"replies":[{"embeddable":true,"href":"https:\/\/www.cityhub.com.sg\/vi\/wp-json\/wp\/v2\/comments?post=1634"}],"version-history":[{"count":1,"href":"https:\/\/www.cityhub.com.sg\/vi\/wp-json\/wp\/v2\/pages\/1634\/revisions"}],"predecessor-version":[{"id":1635,"href":"https:\/\/www.cityhub.com.sg\/vi\/wp-json\/wp\/v2\/pages\/1634\/revisions\/1635"}],"wp:attachment":[{"href":"https:\/\/www.cityhub.com.sg\/vi\/wp-json\/wp\/v2\/media?parent=1634"}],"curies":[{"name":"wp","href":"https:\/\/api.w.org\/{rel}","templated":true}]}}