{"id":1784,"date":"2016-09-20T16:44:14","date_gmt":"2016-09-20T08:44:14","guid":{"rendered":"http:\/\/www.cityhub.com.sg\/vi\/?page_id=1784"},"modified":"2016-09-20T17:09:30","modified_gmt":"2016-09-20T09:09:30","slug":"payment-status-vn","status":"publish","type":"page","link":"https:\/\/www.cityhub.com.sg\/vi\/payment-status-vn\/","title":{"rendered":"T\u00ecnh tr\u1ea1ng thanh to\u00e1n"},"content":{"rendered":"<h3>l\u1ed7i<\/h3><p>Kh\u00f4ng thanh to\u00e1n \u0111\u00e3 \u0111\u01b0\u1ee3c th\u1ef1c hi\u1ec7n.<br\/><\/p>\n","protected":false},"excerpt":{"rendered":"<p> <a class=\"more-link\" href=\"https:\/\/www.cityhub.com.sg\/vi\/payment-status-vn\/\">\u0111\u1ecdc th\u00eam \u00bb<\/a><\/p>","protected":false},"author":2,"featured_media":0,"parent":0,"menu_order":0,"comment_status":"closed","ping_status":"closed","template":"","meta":{"_acf_changed":false,"_genesis_hide_title":false,"_genesis_hide_breadcrumbs":false,"_genesis_hide_singular_image":false,"_genesis_hide_footer_widgets":false,"_genesis_custom_body_class":"","_genesis_custom_post_class":"","_genesis_layout":"full-width-content","footnotes":""},"class_list":{"0":"post-1784","1":"page","2":"type-page","3":"status-publish","5":"entry"},"acf":[],"_links":{"self":[{"href":"https:\/\/www.cityhub.com.sg\/vi\/wp-json\/wp\/v2\/pages\/1784","targetHints":{"allow":["GET"]}}],"collection":[{"href":"https:\/\/www.cityhub.com.sg\/vi\/wp-json\/wp\/v2\/pages"}],"about":[{"href":"https:\/\/www.cityhub.com.sg\/vi\/wp-json\/wp\/v2\/types\/page"}],"author":[{"embeddable":true,"href":"https:\/\/www.cityhub.com.sg\/vi\/wp-json\/wp\/v2\/users\/2"}],"replies":[{"embeddable":true,"href":"https:\/\/www.cityhub.com.sg\/vi\/wp-json\/wp\/v2\/comments?post=1784"}],"version-history":[{"count":1,"href":"https:\/\/www.cityhub.com.sg\/vi\/wp-json\/wp\/v2\/pages\/1784\/revisions"}],"predecessor-version":[{"id":1785,"href":"https:\/\/www.cityhub.com.sg\/vi\/wp-json\/wp\/v2\/pages\/1784\/revisions\/1785"}],"wp:attachment":[{"href":"https:\/\/www.cityhub.com.sg\/vi\/wp-json\/wp\/v2\/media?parent=1784"}],"curies":[{"name":"wp","href":"https:\/\/api.w.org\/{rel}","templated":true}]}}