{"id":870,"date":"2016-03-18T14:04:21","date_gmt":"2016-03-18T06:04:21","guid":{"rendered":"http:\/\/testsite101.com\/cityhub_new\/vi\/?page_id=870"},"modified":"2016-03-18T14:04:21","modified_gmt":"2016-03-18T06:04:21","slug":"news-vn","status":"publish","type":"page","link":"https:\/\/www.cityhub.com.sg\/vi\/news-vn\/","title":{"rendered":"Tin t\u1ee9c"},"content":{"rendered":"<div class=\"blogloop\"><div class=\"entry\"><div class=\"first one-third\"><div class=\"responsive-image\" style=\"background-image:url(https:\/\/www.cityhub.com.sg\/wp-content\/uploads\/sites\/6\/2016\/04\/HoChiMinhCity.jpg);\"><\/div><\/div><div class=\"entry-content two-thirds\">\n\t\t\t\t\t\t<h3 class=\"entry-title\"><a href=\"https:\/\/www.cityhub.com.sg\/vi\/tai-sao-lai-la-thanh-pho-ho-chi-minh\/\">T\u1ea1i Sao L\u1ea1i L\u00e0 Th\u00e0nh Ph\u1ed1 H\u1ed3 Ch\u00ed Minh<\/a><\/h3><p>S\u1ef1 ch\u1eadm ch\u1ea1p c\u1ee7a n\u1ec1n kinh t\u1ebf Trung Qu\u1ed1c v\u00e0 s\u1ef1 tr\u00ec tr\u1ec7 c\u1ee7a th\u01b0\u01a1ng m\u1ea1i to\u00e0n c\u1ea7u \u0111e d\u1ecda s\u1ef1 t\u0103ng tr\u01b0\u1edfng c\u1ee7a c\u00e1c n\u01b0\u1edbc \u0110\u00f4ng Nam \u00c1, ngo\u1ea1i [&hellip;]<\/p>\n&#32;<a href=\"https:\/\/www.cityhub.com.sg\/vi\/tai-sao-lai-la-thanh-pho-ho-chi-minh\/\" class=\"yellowbutton\">\u0111\u1ecdc th\u00eam&nbsp;&raquo;<\/a>\n\t\t\t\t\t<\/div>\n\t\t\t\t\t<\/div><div class=\"entry\"><div class=\"first one-third\"><div class=\"responsive-image\" style=\"background-image:url(https:\/\/www.cityhub.com.sg\/wp-content\/uploads\/sites\/6\/2016\/05\/rightInvestment.jpg);\"><\/div><\/div><div class=\"entry-content two-thirds\">\n\t\t\t\t\t\t<h3 class=\"entry-title\"><a href=\"https:\/\/www.cityhub.com.sg\/vi\/the-right-investment\/\">H\u01b0\u1edbng \u0110\u1ea7u T\u01b0 \u0110\u00fang \u0110\u1eafn<\/a><\/h3><p>\u0110\u1ea7u t\u01b0 l\u00e0 m\u1ed9t ph\u1ea7n quan tr\u1ecdng v\u00e0 kh\u00f4ng th\u1ec3 thi\u1ebfu c\u1ee7a b\u1ea5t k\u00ec ho\u1ea1t \u0111\u1ed9ng kinh doanh n\u00e0o. Khi kinh doanh t\u0103ng tr\u01b0\u1edfng v\u00e0 nhu c\u1ea7u thay \u0111\u1ed5i, c\u1ea7n [&hellip;]<\/p>\n&#32;<a href=\"https:\/\/www.cityhub.com.sg\/vi\/the-right-investment\/\" class=\"yellowbutton\">\u0111\u1ecdc th\u00eam&nbsp;&raquo;<\/a>\n\t\t\t\t\t<\/div>\n\t\t\t\t\t<\/div><div class=\"entry\"><div class=\"first one-third\"><div class=\"responsive-image\" style=\"background-image:url(https:\/\/www.cityhub.com.sg\/wp-content\/uploads\/sites\/6\/2016\/02\/VirtualOffice.jpg);\"><\/div><\/div><div class=\"entry-content two-thirds\">\n\t\t\t\t\t\t<h3 class=\"entry-title\"><a href=\"https:\/\/www.cityhub.com.sg\/vi\/van-phong-ao-that-su\/\">V\u0103n ph\u00f2ng \u1ea3o th\u1eadt s\u1ef1<\/a><\/h3><p>Gi\u1ed1ng nh\u01b0 nhi\u1ec1u \u00fd t\u01b0\u1edfng \u0111\u1ea7y t\u1ef1 tin \u0111\u01b0\u1ee3c d\u1ef1 \u0111o\u00e1n b\u1edfi nh\u1eefng nh\u00e0 h\u1ecdc thuy\u1ebft v\u1ecb lai, v\u0103n ph\u00f2ng \u1ea3o \u0111\u00e3 kh\u00f4ng nh\u01b0 mong \u0111\u1ee3i. Nh\u01b0ng n\u1ebfu \u0111i\u1ec1u ch\u1ec9nh [&hellip;]<\/p>\n&#32;<a href=\"https:\/\/www.cityhub.com.sg\/vi\/van-phong-ao-that-su\/\" class=\"yellowbutton\">\u0111\u1ecdc th\u00eam&nbsp;&raquo;<\/a>\n\t\t\t\t\t<\/div>\n\t\t\t\t\t<\/div><div class=\"entry\"><div class=\"first one-third\"><div class=\"responsive-image\" style=\"background-image:url(https:\/\/www.cityhub.com.sg\/wp-content\/uploads\/sites\/6\/2016\/03\/Colliers_HCMC_CBD-report_Feb-2016_VIE-page-001.jpg);\"><\/div><\/div><div class=\"entry-content two-thirds\">\n\t\t\t\t\t\t<h3 class=\"entry-title\"><a href=\"https:\/\/www.cityhub.com.sg\/vi\/bao-cao-tai-san-thuong-mai-cho-khu-trung-tam-thuong-mai-thanh-pho-ho-chi-minh\/\">B\u00e1o c\u00e1o t\u00e0i s\u1ea3n th\u01b0\u01a1ng m\u1ea1i cho khu trung t\u00e2m th\u01b0\u01a1ng m\u1ea1i th\u00e0nh ph\u1ed1 H\u1ed3 Ch\u00ed Minh<\/a><\/h3><p>D\u01b0\u1edbi \u0111\u00e2y l\u00e0 B\u00e1o c\u00e1o th\u1ecb tr\u01b0\u1eddng m\u1edbi nh\u1ea5t t\u1eeb \u200b\u200bColliers International. T\u1ea3i v\u1ec1 PDF \u1edf \u0111\u00e2y.<\/p>\n&#32;<a href=\"https:\/\/www.cityhub.com.sg\/vi\/bao-cao-tai-san-thuong-mai-cho-khu-trung-tam-thuong-mai-thanh-pho-ho-chi-minh\/\" class=\"yellowbutton\">\u0111\u1ecdc th\u00eam&nbsp;&raquo;<\/a>\n\t\t\t\t\t<\/div>\n\t\t\t\t\t<\/div><div class=\"entry\"><div class=\"first one-third\"><div class=\"responsive-image\" style=\"background-image:url(https:\/\/www.cityhub.com.sg\/wp-content\/uploads\/sites\/6\/2016\/03\/TheRightSize.jpg);\"><\/div><\/div><div class=\"entry-content two-thirds\">\n\t\t\t\t\t\t<h3 class=\"entry-title\"><a href=\"https:\/\/www.cityhub.com.sg\/vi\/the-right-size\/\">The Right Size<\/a><\/h3><p>With the global stock market rout, the start of 2016 was marked by global economic turbulence, fuelling incessant worries about the year\u2019s weak global economic outlook. Coupled with the International [&hellip;]<\/p>\n&#32;<a href=\"https:\/\/www.cityhub.com.sg\/vi\/the-right-size\/\" class=\"yellowbutton\">\u0111\u1ecdc th\u00eam&nbsp;&raquo;<\/a>\n\t\t\t\t\t<\/div>\n\t\t\t\t\t<\/div><div class=\"entry\"><div class=\"first one-third\"><div class=\"responsive-image\" style=\"background-image:url(https:\/\/www.cityhub.com.sg\/wp-content\/uploads\/sites\/6\/2016\/02\/StartUpTrap.jpg);\"><\/div><\/div><div class=\"entry-content two-thirds\">\n\t\t\t\t\t\t<h3 class=\"entry-title\"><a href=\"https:\/\/www.cityhub.com.sg\/vi\/the-startup-trap\/\">The Startup Trap<\/a><\/h3><p>That businesses need to exploit market opportunities for growth is almost a tautology. However for small businesses, the maximization of opportunities can neither be blind nor reckless if they wish [&hellip;]<\/p>\n&#32;<a href=\"https:\/\/www.cityhub.com.sg\/vi\/the-startup-trap\/\" class=\"yellowbutton\">\u0111\u1ecdc th\u00eam&nbsp;&raquo;<\/a>\n\t\t\t\t\t<\/div>\n\t\t\t\t\t<\/div><\/div>\n","protected":false},"excerpt":{"rendered":"<p>That businesses need to exploit market opportunities for growth is almost a tautology. However for small businesses, the maximization of opportunities can neither be blind nor reckless if they wish [&hellip;] <a class=\"more-link\" href=\"https:\/\/www.cityhub.com.sg\/vi\/the-startup-trap\/\">\u0111\u1ecdc th\u00eam \u00bb<\/a><\/p>","protected":false},"author":1,"featured_media":0,"parent":0,"menu_order":0,"comment_status":"closed","ping_status":"closed","template":"","meta":{"_acf_changed":false,"_genesis_hide_title":false,"_genesis_hide_breadcrumbs":false,"_genesis_hide_singular_image":false,"_genesis_hide_footer_widgets":false,"_genesis_custom_body_class":"","_genesis_custom_post_class":"","_genesis_layout":"","footnotes":""},"class_list":{"0":"post-870","1":"page","2":"type-page","3":"status-publish","5":"entry"},"acf":[],"_links":{"self":[{"href":"https:\/\/www.cityhub.com.sg\/vi\/wp-json\/wp\/v2\/pages\/870","targetHints":{"allow":["GET"]}}],"collection":[{"href":"https:\/\/www.cityhub.com.sg\/vi\/wp-json\/wp\/v2\/pages"}],"about":[{"href":"https:\/\/www.cityhub.com.sg\/vi\/wp-json\/wp\/v2\/types\/page"}],"author":[{"embeddable":true,"href":"https:\/\/www.cityhub.com.sg\/vi\/wp-json\/wp\/v2\/users\/1"}],"replies":[{"embeddable":true,"href":"https:\/\/www.cityhub.com.sg\/vi\/wp-json\/wp\/v2\/comments?post=870"}],"version-history":[{"count":1,"href":"https:\/\/www.cityhub.com.sg\/vi\/wp-json\/wp\/v2\/pages\/870\/revisions"}],"predecessor-version":[{"id":871,"href":"https:\/\/www.cityhub.com.sg\/vi\/wp-json\/wp\/v2\/pages\/870\/revisions\/871"}],"wp:attachment":[{"href":"https:\/\/www.cityhub.com.sg\/vi\/wp-json\/wp\/v2\/media?parent=870"}],"curies":[{"name":"wp","href":"https:\/\/api.w.org\/{rel}","templated":true}]}}