{"id":872,"date":"2016-03-18T14:11:46","date_gmt":"2016-03-18T06:11:46","guid":{"rendered":"http:\/\/testsite101.com\/cityhub_new\/vi\/?page_id=872"},"modified":"2018-10-03T13:22:56","modified_gmt":"2018-10-03T05:22:56","slug":"serviced-office-vn","status":"publish","type":"page","link":"https:\/\/www.cityhub.com.sg\/vi\/our-services-vn\/serviced-office-vn\/","title":{"rendered":"V\u0103n ph\u00f2ng d\u1ecbch v\u1ee5"},"content":{"rendered":"<h3>V\u0102N PH\u00d2NG D\u1ecaCH V\u1ee4 L\u00c0 G\u00cc?<\/h3>\n<p>V\u0103n ph\u00f2ng d\u1ecbch v\u1ee5 l\u00e0 m\u1ed9t v\u0103n ph\u00f2ng c\u00f3 s\u1eb5n \u0111\u1ea7y \u0111\u1ee7 ti\u1ec7n nghi c\u0169ng nh\u01b0 lu\u00f4n h\u1ed7 tr\u1ee3 cho b\u1ea1n c\u00e1c d\u1ecbch v\u1ee5 h\u00e0nh ch\u00ednh, ph\u00f2ng h\u1ecdp v\u00e0 vi\u1ec5n th\u00f4ng. \u0110\u00e2y l\u00e0 m\u1ed9t s\u1ef1 l\u1ef1a ch\u1ecdn th\u00f4ng minh \u00edt r\u1ee7i ro \u0111\u1ea7u t\u01b0 v\u00e0 ti\u1ebft ki\u1ec7m chi ph\u00ed.<\/p>\n<p>L\u00e0 kh\u00e1ch h\u00e0ng c\u1ee7a CityHub , b\u1ea1n s\u1ebd \u0111\u01b0\u1ee3c:<\/p>\n<ul>\n<li>Kh\u00f4ng gian v\u0103n ph\u00f2ng ngay l\u1eadp t\u1ee9c t\u1ea1i c\u00e1c khu v\u1ef1c kinh doanh tr\u1ecdng y\u1ebfu<\/li>\n<li>V\u0103n ph\u00f2ng \u0111\u1ea7y \u0111\u1ee7 ti\u1ec7n nghi , s\u1ee9c ch\u1ee9a 1 \u2013 100 nh\u00e2n vi\u00ean<\/li>\n<li>Thi\u1ebft b\u1ecb v\u0103n ph\u00f2ng v\u00e0 c\u01a1 s\u1edf h\u1ea1 t\u1ea7ng IT \u0111\u1ec3 v\u1eadn h\u00e0nh ho\u1ea1t \u0111\u1ed9ng kinh doanh <\/li>\n<li>Ph\u00f2ng h\u1ed9i ngh\u1ecb v\u00e0 ph\u00f2ng h\u1ecdp v\u1edbi c\u00e1c thi\u1ebft b\u1ecb hi\u1ec7n \u0111\u1ea1i. <\/li>\n<li>H\u1ec7 th\u1ed1ng vi\u1ec5n th\u00f4ng hi\u1ec7n \u0111\u1ea1i gi\u00fap kh\u00e1ch h\u00e0ng k\u1ebft n\u1ed1i c\u1eadp nh\u1eadt li\u00ean t\u1ee5c c\u00e1c ho\u1ea1t \u0111\u1ed9ng kinh doanh m\u1ecdi l\u00fac m\u1ecdi n\u01a1i<\/li>\n<li>Nh\u00e2n vi\u00ean l\u1ec5 t\u00e2n , th\u01b0 k\u00fd v\u00e0 nh\u00e2n vi\u00ean h\u00e0nh ch\u00ednh chuy\u00ean nghi\u1ec7p.<\/li>\n<li>M\u1ed9t \u0111\u1ecba ch\u1ec9 kinh doanh, \u0111\u01b0\u1eddng d\u00e2y \u0111i\u1ec7n tho\u1ea1i v\u00e0 fax ri\u00eang bi\u1ec7t.<\/li>\n<li>M\u1ed9t \u0111\u1ed9i ng\u0169 c\u00e1c chuy\u00ean gia v\u1ec1 m\u1ecdi kh\u00eda c\u1ea1nh kinh doanh n\u1ebfu c\u1ea7n<\/li>\n<li>Ph\u00f2ng \u0103n s\u1eed d\u1ee5ng TV Lounge<\/li>\n<\/ul>\n<h3>T\u1ea1i sao ch\u1ecdn CityHub ?<\/h3>\n<p>T\u1ea1i sao ph\u1ea3i cam k\u1ebft m\u1ed9t h\u1ee3p \u0111\u1ed3ng thu\u00ea v\u0103n ph\u00f2ng th\u00f4ng th\u01b0\u1eddng d\u00e0i h\u1ea1n v\u00e0 chi ti\u00eau h\u00e0ng ng\u00e0n \u0111\u00f4 la c\u00f9ng qu\u1ef9 th\u1eddi gian qu\u00fd b\u00e1u \u0111\u1ec3 trang b\u1ecb cho v\u0103n ph\u00f2ng khi b\u1ea1n c\u00f3 th\u1ec3 c\u00f3 m\u1ed9t gi\u1ea3i ph\u00e1p v\u0103n ph\u00f2ng ph\u00f9 h\u1ee3p t\u1ea1i CityHub m\u00e0 kh\u00f4ng c\u1ea7n v\u1ed1n \u0111\u1ea7u t\u01b0 ?<\/p>\n<p>T\u1ecda l\u1ea1c ngay t\u1ea1i trung t\u00e2m c\u1ee7a th\u00e0nh ph\u1ed1, CityHub bi\u1ebfn m\u1ecdi th\u1ee9 tr\u1edf n\u00ean \u0111\u01a1n gi\u1ea3n nh\u1ea5t c\u00f3 th\u1ec3, lo\u1ea1i b\u1ecf t\u1ea5t c\u1ea3 c\u00e1c quy tr\u00ecnh ph\u1ee9c t\u1ea1p th\u00f4ng th\u01b0\u1eddng li\u00ean quan \u0111\u1ebfn vi\u1ec7c t\u00ecm ki\u1ebfm v\u00e0 qu\u1ea3n l\u00fd m\u1ed9t v\u0103n ph\u00f2ng. CityHub cung c\u1ea5p m\u1ed9t m\u00f4i tr\u01b0\u1eddng l\u00e0m vi\u1ec7c linh ho\u1ea1t v\u00e0 chuy\u00ean nghi\u1ec7p v\u1edbi \u0111\u1ea7y \u0111\u1ee7 ti\u1ec7n nghi , nh\u00e2n vi\u00ean v\u00e0 trang b\u1ecb v\u0103n ph\u00f2ng. V\u00e0 \u0111i\u1ec1u tuy\u1ec7t v\u1eddi nh\u1ea5t ch\u00ednh l\u00e0, h\u1ecd lu\u00f4n s\u1eb5n s\u00e0ng \u0111\u1ec3 \u0111i\u1ec1u ch\u1ec9nh c\u00e1c \u0111i\u1ec1u kho\u1ea3n linh ho\u1ea1t nh\u01b0ng v\u1eabn b\u1ea3o \u0111\u1ea3m ch\u1ea5t l\u01b0\u1ee3ng v\u00e0 d\u1ecbch v\u1ee5.<br \/>\nN\u1ebfu b\u1ea1n mu\u1ed1n gi\u1ea3m thi\u1ec3u chi ph\u00ed, t\u1eadn h\u01b0\u1edfng nh\u1eefng l\u1ee3i \u00edch c\u1ee7a vi\u1ec7c cho thu\u00ea linh ho\u1ea1t v\u00e0 c\u00f3 s\u1ef1 linh \u0111\u1ed9ng trong vi\u1ec7c thay \u0111\u1ed5i t\u1eeb ph\u00f2ng l\u1edbn th\u00e0nh ph\u00f2ng nh\u1ecf ho\u1eb7c ng\u01b0\u1ee3c l\u1ea1i b\u1ea5t c\u1ee9 l\u00fac n\u00e0o , ch\u1ec9 c\u1ea7n \u0111\u0103ng k\u00fd V\u0103n ph\u00f2ng d\u1ecbch v\u1ee5 CityHub .<\/p>\n<p>Nh\u1eefng l\u1ee3i \u00edch c\u1ee7a vi\u1ec7c s\u1eed d\u1ee5ng v\u0103n ph\u00f2ng d\u1ecbch v\u1ee5 CityHub l\u00e0 g\u00ec?<\/p>\n<ul>\n<li>Gi\u1ea3m thi\u1ec3u t\u1ed1i \u0111a chi ph\u00ed ban \u0111\u1ea7u: ph\u00ed thi\u1ebft k\u1ebf &#8211; s\u1eeda ch\u1eefa v\u0103n ph\u00f2ng &#8211; trang thi\u1ebft b\u1ecb n\u1ed9i th\u1ea5t<\/li>\n<li>Ti\u1ec1n \u0111\u1eb7t c\u1ecdc \u00edt h\u01a1n<\/li>\n<li>Ti\u1ebft ki\u1ec7m c\u00e1c chi ph\u00ed ph\u00e1t sinh v\u1ec1 tuy\u1ec3n d\u1ee5ng, \u0111\u00e0o t\u1ea1o nh\u00e2n l\u1ef1c v\u00e0 c\u00e1c l\u1ee3i \u00edch kh\u00e1c nh\u01b0 ng\u00e0y ph\u00e9p h\u00e0ng n\u0103m v\u00e0 b\u1ea3o hi\u1ec3m cho nh\u00e2n vi\u00ean<\/li>\n<li>C\u1eaft gi\u1ea3m k\u00edch th\u01b0\u1edbc v\u0103n ph\u00f2ng theo y\u00eau c\u1ea7u m\u00e0 kh\u00f4ng c\u1ea7n ph\u1ea3i \u0111\u1ea7u t\u01b0 kh\u00f4ng gian b\u1ed5 sung cho ph\u00f2ng h\u1ed9i ngh\u1ecb , ph\u00f2ng \u0103n , ph\u00f2ng h\u1ecdp hay khu v\u1ef1c ti\u1ebfp t\u00e2n.<\/li>\n<li>Kh\u00f4ng tr\u1ea3 ph\u00ed qu\u1ea3n l\u00fd t\u00f2a nh\u00e0 v\u00e0 c\u00e1c ti\u1ec7n \u00edch kh\u00e1c<\/li>\n<li>Kh\u00f4ng c\u00f3 c\u00e1c chi ph\u00ed ngo\u00e0i l\u1ec1<\/li>\n<li>Gi\u1ea3m gi\u00e1 ph\u00ed qu\u1ed1c t\u1ebf<\/li>\n<\/ul>\n","protected":false},"excerpt":{"rendered":"<p>X\u00f3a \u0111i nh\u1eefng lo toan c\u1ee7a vi\u1ec7c qu\u1ea3n l\u00fd m\u1ed9t v\u0103n ph\u00f2ng v\u00e0 t\u1eadp trung v\u00e0o vi\u1ec7c kinh danh ngay trong t\u1ea7m tay c\u1ee7a b\u1ea1n. H\u00e3y ch\u1ecdn m\u1ed9t v\u0103n ph\u00f2ng d\u1ecbch v\u1ee5 \u0111\u1ea7y \u0111\u1ee7 ch\u1ee9c n\u0103ng \u0111\u1ec3 s\u1eb5n s\u00e0ng l\u00e0m vi\u1ec7c ngay. <a class=\"more-link\" href=\"https:\/\/www.cityhub.com.sg\/vi\/our-services-vn\/serviced-office-vn\/\">\u0111\u1ecdc th\u00eam \u00bb<\/a><\/p>","protected":false},"author":2,"featured_media":1204,"parent":868,"menu_order":1,"comment_status":"closed","ping_status":"closed","template":"","meta":{"_acf_changed":false,"_genesis_hide_title":false,"_genesis_hide_breadcrumbs":false,"_genesis_hide_singular_image":false,"_genesis_hide_footer_widgets":false,"_genesis_custom_body_class":"","_genesis_custom_post_class":"","_genesis_layout":"","footnotes":""},"class_list":{"0":"post-872","1":"page","2":"type-page","3":"status-publish","4":"has-post-thumbnail","6":"entry"},"acf":[],"_links":{"self":[{"href":"https:\/\/www.cityhub.com.sg\/vi\/wp-json\/wp\/v2\/pages\/872","targetHints":{"allow":["GET"]}}],"collection":[{"href":"https:\/\/www.cityhub.com.sg\/vi\/wp-json\/wp\/v2\/pages"}],"about":[{"href":"https:\/\/www.cityhub.com.sg\/vi\/wp-json\/wp\/v2\/types\/page"}],"author":[{"embeddable":true,"href":"https:\/\/www.cityhub.com.sg\/vi\/wp-json\/wp\/v2\/users\/2"}],"replies":[{"embeddable":true,"href":"https:\/\/www.cityhub.com.sg\/vi\/wp-json\/wp\/v2\/comments?post=872"}],"version-history":[{"count":3,"href":"https:\/\/www.cityhub.com.sg\/vi\/wp-json\/wp\/v2\/pages\/872\/revisions"}],"predecessor-version":[{"id":1860,"href":"https:\/\/www.cityhub.com.sg\/vi\/wp-json\/wp\/v2\/pages\/872\/revisions\/1860"}],"up":[{"embeddable":true,"href":"https:\/\/www.cityhub.com.sg\/vi\/wp-json\/wp\/v2\/pages\/868"}],"wp:featuredmedia":[{"embeddable":true,"href":"https:\/\/www.cityhub.com.sg\/vi\/wp-json\/wp\/v2\/media\/1204"}],"wp:attachment":[{"href":"https:\/\/www.cityhub.com.sg\/vi\/wp-json\/wp\/v2\/media?parent=872"}],"curies":[{"name":"wp","href":"https:\/\/api.w.org\/{rel}","templated":true}]}}