{"id":874,"date":"2016-03-18T14:16:52","date_gmt":"2016-03-18T06:16:52","guid":{"rendered":"http:\/\/testsite101.com\/cityhub_new\/vi\/?page_id=874"},"modified":"2018-10-03T13:34:03","modified_gmt":"2018-10-03T05:34:03","slug":"virtual-office-vn","status":"publish","type":"page","link":"https:\/\/www.cityhub.com.sg\/vi\/our-services-vn\/virtual-office-vn\/","title":{"rendered":"V\u0103n ph\u00f2ng \u1ea3o"},"content":{"rendered":"<h3>T\u1ea1i sao s\u1eed d\u1ee5ng v\u0103n ph\u00f2ng \u1ea3o?<\/h3>\n<p>\u0110\u1ed1i v\u1edbi nh\u1eefng doanh nghi\u1ec7p th\u00edch s\u1ef1 ti\u1ec7n l\u1ee3i c\u1ee7a m\u1ed9t v\u0103n ph\u00f2ng \u1ea3o, b\u1ea1n c\u00f3 th\u1ec3 ch\u1ecdn g\u00f3i v\u0103n ph\u00f2ng \u1ea3o c\u1ee7a Cityhub ch\u1ec9 v\u1edbi m\u1ee9c chi ph\u00ed th\u1ea5p, ch\u00fang t\u00f4i s\u1ebd cung c\u1ea5p cho b\u1ea1n :<\/p>\n<ul>\n<li>M\u1ed9t \u0111\u1ecba ch\u1ec9 kinh doanh c\u0169ng nh\u01b0 \u0111\u1ecba ch\u1ec9 tr\u1ee5 s\u1edf ho\u1eb7c \u0111\u1ecba ch\u1ec9 li\u00ean l\u1ea1c<\/li>\n<li>\u0110i\u1ec7n tho\u1ea1i b\u00e0n v\u00e0 s\u1ed1 fax<\/li>\n<li>D\u1ecbch v\u1ee5 tr\u1ea3 l\u1eddi \u0111i\u1ec7n tho\u1ea1i d\u01b0\u1edbi danh ngh\u0129a c\u00f4ng ty c\u1ee7a kh\u00e1ch h\u00e0ng<\/li>\n<li>Chuy\u1ec3n ti\u1ebfp cu\u1ed9c g\u1ecdi theo h\u01b0\u1edbng d\u1eabn c\u1ee7a kh\u00e1ch h\u00e0ng<\/li>\n<li>Ti\u1ebfp nh\u1eadn c\u00e1c th\u00f4ng tin nh\u1eadn \u0111\u01b0\u1ee3c t\u1eeb SMS , email v\u00e0 trang web c\u1ee7a Cityhub<\/li>\n<li>Quy\u1ec1n \u01b0u ti\u00ean \u0111\u1eb7t ph\u00f2ng h\u1ecdp cho c\u00e1c cu\u1ed9c h\u1ecdp v\u1edbi kh\u00e1ch h\u00e0ng v\u00e0 \u0111\u1ed1i t\u00e1c kinh doanh<\/li>\n<li>S\u1eed d\u1ee5ng m\u00e1y photocopy Canon \u0111a ch\u1ee9c n\u0103ng v\u00e0 c\u00e1c d\u1ecbch v\u1ee5 k\u00e8m theo<\/li>\n<li>Cho thu\u00ea ch\u1ed7 ng\u1ed3i v\u00e0 v\u0103n ph\u00f2ng l\u00e0m vi\u1ec7c  theo ng\u00e0y \/ gi\u1edd<\/li>\n<li>H\u1ec7 th\u1ed1ng th\u01b0 tho\u1ea1i 24 gi\u1edd<\/li>\n<\/ul>\n<p>V\u1edbi v\u0103n ph\u00f2ng \u1ea3o CityHub , kh\u00e1ch h\u00e0ng c\u00f3 th\u1ec3 c\u1ea3m th\u1ea5y s\u1ef1 hi\u1ec7n di\u1ec7n c\u1ee7a doanh nghi\u1ec7p m\u00ecnh ngay c\u1ea3 khi kh\u00f4ng c\u00f3 m\u1ed9t kh\u00f4ng gian v\u0103n ph\u00f2ng v\u1eadt l\u00fd .<\/p>\n<h3>Ai s\u1ebd c\u1ea7n s\u1eed d\u1ee5ng V\u0103n Ph\u00f2ng \u1ea2o ?<\/h3>\n<ul>\n<li>C\u00e1c doanh nghi\u1ec7p m\u1edbi th\u00e0nh l\u1eadp v\u1edbi v\u1ed1n \u0111\u1ea7u t\u01b0 nh\u1ecf.<\/li>\n<li>C\u00e1c doanh nghi\u1ec7p ch\u01b0a c\u00f3 nh\u00e2n vi\u00ean<\/li>\n<li>C\u00e1c doanh nghi\u1ec7p c\u1ea7n \u0111\u1ecba ch\u1ec9 kinh doanh uy t\u00edn ho\u1eb7c m\u1eb7t ti\u1ec1n kinh doanh cao c\u1ea5p <\/li>\n<li>C\u00e1c doanh nghi\u1ec7p l\u00e0m vi\u1ec7c t\u1ea1i nh\u00e0<\/li>\n<li>C\u00e1c doanh nghi\u1ec7p kh\u00f4ng c\u00f3 v\u1ecb tr\u00ed c\u1ed1 \u0111\u1ecbnh n\u00ean c\u1ea7n m\u1ed9t n\u01a1i \u0111\u1ea1i di\u1ec7n<\/li>\n<li>C\u00e1c ch\u1ee7 doanh nghi\u1ec7p b\u1eadn r\u1ed9n kh\u00f4ng c\u00f3 th\u1eddi gian \u1edf v\u0103n ph\u00f2ng<\/li>\n<li>C\u00e1c doanh nghi\u1ec7p n\u01b0\u1edbc ngo\u00e0i c\u1ea7n thi\u1ebft l\u1eadp v\u0103n ph\u00f2ng \u0111\u1ea1i di\u1ec7n v\u1edbi chi ph\u00ed th\u1ea5p<\/li>\n<li>C\u00e1c c\u00f4ng ty \u0111ang thu nh\u1ecf quy m\u00f4.<\/li>\n<\/ul>\n<h3 class=\"yellowboxheader\">C\u00e1c chi ph\u00ed<\/h3>\n<div class=\"pricing-table-full\"><table class=\"CH_table\"><tr><th class=\"service_cat\">\u0110\u1ecba ch\u1ec9 kinh doanh<\/th><th class=\"service_cat_name\">City Biz<\/th><th class=\"service_cat_name\">City Virtual<\/th><th class=\"service_cat_name\">City Direct<\/th><th class=\"service_cat_name\">City Connect<\/th><th class=\"service_cat_name\">City Conference<\/th><\/tr><tr><td class=\"service_type_description\"><h4 class=\"service_type\">\u0110\u1ecba ch\u1ec9 trung t\u00e2m uy t\u00edn<\/h4><p>M\u1ed9t \u0111\u1ecba ch\u1ec9 kinh doanh uy t\u00edn \u0111\u1eb7t tr\u00ean danh thi\u1ebfp c\u1ee7a kh\u00e1ch h\u00e0ng, wedsite, b\u00eca th\u01b0.<\/p><\/td><td class=\"service_present\">&check;<\/td><td class=\"service_present\">&check;<\/td><td class=\"service_present\">&check;<\/td><td class=\"service_not_present\">&nbsp;<\/td><td class=\"service_not_present\">&nbsp;<\/td><\/tr><tr><td class=\"service_type_description\"><h4 class=\"service_type\">Qu\u1ea3n l\u00fd th\u01b0 t\u1eeb\/ chuy\u1ec3n ph\u00e1t nhanh*<\/h4><p>Nh\u1eadn, g\u1eedi, qu\u1ea3n l\u00fd v\u00e0 x\u1eed l\u00fd th\u01b0 t\u1eeb, h\u00e0ng h\u00f3a, chuy\u1ec3n ph\u00e1t nhanh.<\/p><\/td><td class=\"service_present\">&check;<\/td><td class=\"service_present\">&check;<\/td><td class=\"service_present\">&check;<\/td><td class=\"service_not_present\">&nbsp;<\/td><td class=\"service_not_present\">&nbsp;<\/td><\/tr><tr><\/tr><tr><\/tr><tr><\/tr><tr><\/tr><tr><\/tr><tr><\/tr><tr><\/tr><tr><\/tr><tr><\/tr><tr><th class=\"service_cat\">\u0110i\u1ec7n tho\u1ea1i, Fax v\u00e0 Trung t\u00e2m cu\u1ed9c g\u1ecdi<\/th><th class=\"service_cat_blank\">&nbsp;<\/th><th class=\"service_cat_blank\">&nbsp;<\/th><th class=\"service_cat_blank\">&nbsp;<\/th><th class=\"service_cat_blank\">&nbsp;<\/th><th class=\"service_cat_blank\">&nbsp;<\/th><\/tr><tr><\/tr><tr><\/tr><tr><td class=\"service_type_description\"><h4 class=\"service_type\">Line fax trung t\u00e2m<\/h4><p>S\u1eed d\u1ee5ng line  fax trung t\u00e2m c\u00f9ng v\u1edbi t\u1ea5t c\u1ea3 m\u00e1y fax \u0111\u01b0\u1ee3c g\u1eedi \u0111\u1ebfn kh\u00e1ch h\u00e0ng qua file email \u0111\u00ednh k\u00e8m.<\/p><\/td><td class=\"service_present\">&check;<\/td><td class=\"service_present\">&check;<\/td><td class=\"service_present\">&check;<\/td><td class=\"service_not_present\">&nbsp;<\/td><td class=\"service_not_present\">&nbsp;<\/td><\/tr><tr><td class=\"service_type_description\"><h4 class=\"service_type\">Cung c\u1ea5p s\u1ed1 \u0111i\u1ec7n tho\u1ea1i<\/h4><p>Cung c\u1ea5p s\u1ed1 \u0111i\u1ec7n tho\u1ea1i c\u1ed1 \u0111\u1ecbnh. S\u1ed1 \u0111i\u1ec7n tho\u1ea1i s\u1ebd \u0111\u01b0\u1ee3c cung c\u1ea5p ngay khi \u0111\u0103ng k\u00fd. M\u1ed7i s\u1ed1 \u0111i\u1ec7n tho\u1ea1i ch\u1ec9 cung c\u1ea5p cho m\u1ed9t c\u00f4ng ty m\u00e0 th\u00f4i n\u00ean s\u1ebd kh\u00f4ng c\u00f3 vi\u1ec7c chia s\u1ebb s\u1ed1 \u0111i\u1ec7n tho\u1ea1i gi\u1eefa c\u00e1c c\u00f4ng ty.<\/p><\/td><td class=\"service_not_present\">&nbsp;<\/td><td class=\"service_present\">&check;<\/td><td class=\"service_present\">&check;<\/td><td class=\"service_present\">&check;<\/td><td class=\"service_not_present\">&nbsp;<\/td><\/tr><tr><td class=\"service_type_description\"><h4 class=\"service_type\">D\u1ecbch v\u1ee5 tr\u1ea3 l\u1eddi \u0111i\u1ec7n tho\u1ea1i ri\u00eang<\/h4><p>Tr\u1ea3 l\u1eddi cu\u1ed9c g\u1ecdi tr\u00ean danh ngh\u0129a l\u00e0 t\u00ean c\u00f4ng ty c\u1ee7a kh\u00e1ch h\u00e0ng ho\u1eb7c l\u00e0 theo h\u01b0\u1edbng d\u1eabn c\u1ee7a kh\u00e1ch h\u00e0ng.<\/p><\/td><td class=\"service_not_present\">&nbsp;<\/td><td class=\"service_present\">&check;<\/td><td class=\"service_not_present\">&nbsp;<\/td><td class=\"service_present\">&check;<\/td><td class=\"service_not_present\">&nbsp;<\/td><\/tr><tr><td class=\"service_type_description\"><h4 class=\"service_type\">Chuy\u1ec3n l\u1eddi nh\u1eafn<\/h4><p>L\u1eddi nh\u1eafn s\u1ebd \u0111\u01b0\u1ee3c t\u1ef1 \u0111\u1ed9ng chuy\u1ec3n \u0111\u1ebfn h\u00e0ng kh\u00e1ch h\u00e0ng qua SMS, fax, E-mail.<\/p><\/td><td class=\"service_not_present\">&nbsp;<\/td><td class=\"service_present\">&check;<\/td><td class=\"service_not_present\">&nbsp;<\/td><td class=\"service_present\">&check;<\/td><td class=\"service_not_present\">&nbsp;<\/td><\/tr><tr><td class=\"service_type_description\"><h4 class=\"service_type\">H\u1ed9p th\u01b0 tho\u1ea1i<\/h4><p>L\u1eddi nh\u1eafn s\u1ebd \u0111\u01b0\u1ee3c ph\u00e1t l\u1ea1i b\u1ea5t c\u1ee9 khi n\u00e0o kh\u00e1ch h\u00e0ng g\u1ecdi \u0111\u1ebfn trung t\u00e2m tin nh\u1eafn c\u1ee7a ch\u00fang t\u00f4i.<\/p><\/td><td class=\"service_not_present\">&nbsp;<\/td><td class=\"service_present\">&check;<\/td><td class=\"service_not_present\">&nbsp;<\/td><td class=\"service_present\">&check;<\/td><td class=\"service_not_present\">&nbsp;<\/td><\/tr><tr><td class=\"service_type_description\"><h4 class=\"service_type\">Chuy\u1ec3n cu\u1ed9c g\u1ecdi<\/h4><p>Cu\u1ed9c g\u1ecdi \u0111\u1ebfn c\u00f3 th\u1ec3 \u0111\u01b0\u1ee3c chuy\u1ec3n \u0111\u1ebfn b\u1ea5t c\u1ee9 n\u01a1i n\u00e0o tr\u00ean th\u1ebf gi\u1edbi khi s\u1eed d\u1ee5ng h\u1ec7 th\u1ed1ng k\u1ebft n\u1ed1i c\u1ee7a ch\u00fang t\u00f4i.<\/p><\/td><td class=\"service_not_present\">&nbsp;<\/td><td class=\"service_present\">&check;<\/td><td class=\"service_not_present\">&nbsp;<\/td><td class=\"service_present\">&check;<\/td><td class=\"service_not_present\">&nbsp;<\/td><\/tr><tr><\/tr><tr><\/tr><tr><\/tr><tr><th class=\"service_cat\">S\u1eed d\u1ee5ng trung t\u00e2m<\/th><th class=\"service_cat_blank\">&nbsp;<\/th><th class=\"service_cat_blank\">&nbsp;<\/th><th class=\"service_cat_blank\">&nbsp;<\/th><th class=\"service_cat_blank\">&nbsp;<\/th><th class=\"service_cat_blank\">&nbsp;<\/th><\/tr><tr><\/tr><tr><\/tr><tr><\/tr><tr><\/tr><tr><\/tr><tr><\/tr><tr><\/tr><tr><\/tr><tr><td class=\"service_type_description\"><h4 class=\"service_type\">H\u1ed7 tr\u1ee3 kinh doanh<\/h4><p>S\u1eed d\u1ee5ng t\u1ea5t c\u1ea3 c\u00e1c d\u1ecbch v\u1ee5 kinh doanh nh\u01b0 ph\u00f2ng h\u1ecdp\/ ph\u00f2ng h\u1ed9i ngh\u1ecb, trang thi\u1ebft b\u1ecb,h\u1ed7 tr\u1ee3 thu\u00ea ngo\u00e0i, d\u1ecbch v\u1ee5 th\u01b0 k\u00fd v\u1edbi gi\u00e1 th\u00e0nh vi\u00ean \u01b0u \u0111\u00e3i.<\/p><\/td><td class=\"service_present\">&check;<\/td><td class=\"service_present\">&check;<\/td><td class=\"service_present\">&check;<\/td><td class=\"service_present\">&check;<\/td><td class=\"service_present\">&check;<\/td><\/tr><tr><td class=\"service_type_description\"><h4 class=\"service_type\">Nh\u00e2n vi\u00ean l\u1ec5 t\u00e2n chuy\u00ean nghi\u1ec7p<\/h4><p>\u0110\u1ed9i ng\u0169 l\u1ec5 t\u00e2n chuy\u00ean nghi\u1ec7p-d\u1ecbch v\u1ee5 l\u1ec5 t\u00e2n chuy\u00ean nghi\u1ec7p cho kh\u00e1ch h\u00e0ng c\u1ee7a qu\u00fd kh\u00e1ch.<\/p><\/td><td class=\"service_present\">&check;<\/td><td class=\"service_present\">&check;<\/td><td class=\"service_present\">&check;<\/td><td class=\"service_not_present\">&nbsp;<\/td><td class=\"service_present\">&check;<\/td><\/tr><tr><td class=\"service_type_description\"><h4 class=\"service_type\">Trang thi\u1ebft b\u1ecb ph\u00f2ng h\u1ecdp\/ ph\u00f2ng h\u1ed9i ngh\u1ecb<\/h4><p>Ti\u1ebfp c\u1eadn v\u1edbi ph\u00f2ng Broadroom sang tr\u1ecdng c\u1ee7a ch\u00fang t\u00f4i\/ Ph\u00f2ng h\u1ecdp c\u00f3 s\u1ee9c ch\u1ee9a l\u00ean \u0111\u1ebfn 20 ng\u01b0\u1eddi.<\/p><\/td><td class=\"service_not_present\">&nbsp;<\/td><td class=\"service_present\">&check;<\/td><td class=\"service_not_present\">&nbsp;<\/td><td class=\"service_not_present\">&nbsp;<\/td><td class=\"service_present\">&check;<\/td><\/tr><\/table>\n\t\t\t\t<\/div><div class=\"pricing-table-small\"><div class=\"CH_table-small\"><div class=\"plan-name\">City Biz<\/div><h3 class=\"service-category\">\u0110\u1ecba ch\u1ec9 kinh doanh<\/h3><div class=\"service\"><h4 class=\"service-type\">\u0110\u1ecba ch\u1ec9 trung t\u00e2m uy t\u00edn<\/h4><p class=\"service-description\">M\u1ed9t \u0111\u1ecba ch\u1ec9 kinh doanh uy t\u00edn \u0111\u1eb7t tr\u00ean danh thi\u1ebfp c\u1ee7a kh\u00e1ch h\u00e0ng, wedsite, b\u00eca th\u01b0.<\/p><\/div><div class=\"service\"><h4 class=\"service-type\">Qu\u1ea3n l\u00fd th\u01b0 t\u1eeb\/ chuy\u1ec3n ph\u00e1t nhanh*<\/h4><p class=\"service-description\">Nh\u1eadn, g\u1eedi, qu\u1ea3n l\u00fd v\u00e0 x\u1eed l\u00fd th\u01b0 t\u1eeb, h\u00e0ng h\u00f3a, chuy\u1ec3n ph\u00e1t nhanh.<\/p><\/div><h3 class=\"service-category\">\u0110i\u1ec7n tho\u1ea1i, Fax v\u00e0 Trung t\u00e2m cu\u1ed9c g\u1ecdi<\/h3><div class=\"service\"><h4 class=\"service-type\">Line fax trung t\u00e2m<\/h4><p class=\"service-description\">S\u1eed d\u1ee5ng line  fax trung t\u00e2m c\u00f9ng v\u1edbi t\u1ea5t c\u1ea3 m\u00e1y fax \u0111\u01b0\u1ee3c g\u1eedi \u0111\u1ebfn kh\u00e1ch h\u00e0ng qua file email \u0111\u00ednh k\u00e8m.<\/p><\/div><h3 class=\"service-category\">S\u1eed d\u1ee5ng trung t\u00e2m<\/h3><div class=\"service\"><h4 class=\"service-type\">H\u1ed7 tr\u1ee3 kinh doanh<\/h4><p class=\"service-description\">S\u1eed d\u1ee5ng t\u1ea5t c\u1ea3 c\u00e1c d\u1ecbch v\u1ee5 kinh doanh nh\u01b0 ph\u00f2ng h\u1ecdp\/ ph\u00f2ng h\u1ed9i ngh\u1ecb, trang thi\u1ebft b\u1ecb,h\u1ed7 tr\u1ee3 thu\u00ea ngo\u00e0i, d\u1ecbch v\u1ee5 th\u01b0 k\u00fd v\u1edbi gi\u00e1 th\u00e0nh vi\u00ean \u01b0u \u0111\u00e3i.<\/p><\/div><div class=\"service\"><h4 class=\"service-type\">Nh\u00e2n vi\u00ean l\u1ec5 t\u00e2n chuy\u00ean nghi\u1ec7p<\/h4><p class=\"service-description\">\u0110\u1ed9i ng\u0169 l\u1ec5 t\u00e2n chuy\u00ean nghi\u1ec7p-d\u1ecbch v\u1ee5 l\u1ec5 t\u00e2n chuy\u00ean nghi\u1ec7p cho kh\u00e1ch h\u00e0ng c\u1ee7a qu\u00fd kh\u00e1ch.<\/p><\/div><\/div><div class=\"CH_table-small\"><div class=\"plan-name\">City Virtual<\/div><h3 class=\"service-category\">\u0110\u1ecba ch\u1ec9 kinh doanh<\/h3><div class=\"service\"><h4 class=\"service-type\">\u0110\u1ecba ch\u1ec9 trung t\u00e2m uy t\u00edn<\/h4><p class=\"service-description\">M\u1ed9t \u0111\u1ecba ch\u1ec9 kinh doanh uy t\u00edn \u0111\u1eb7t tr\u00ean danh thi\u1ebfp c\u1ee7a kh\u00e1ch h\u00e0ng, wedsite, b\u00eca th\u01b0.<\/p><\/div><div class=\"service\"><h4 class=\"service-type\">Qu\u1ea3n l\u00fd th\u01b0 t\u1eeb\/ chuy\u1ec3n ph\u00e1t nhanh*<\/h4><p class=\"service-description\">Nh\u1eadn, g\u1eedi, qu\u1ea3n l\u00fd v\u00e0 x\u1eed l\u00fd th\u01b0 t\u1eeb, h\u00e0ng h\u00f3a, chuy\u1ec3n ph\u00e1t nhanh.<\/p><\/div><h3 class=\"service-category\">\u0110i\u1ec7n tho\u1ea1i, Fax v\u00e0 Trung t\u00e2m cu\u1ed9c g\u1ecdi<\/h3><div class=\"service\"><h4 class=\"service-type\">Line fax trung t\u00e2m<\/h4><p class=\"service-description\">S\u1eed d\u1ee5ng line  fax trung t\u00e2m c\u00f9ng v\u1edbi t\u1ea5t c\u1ea3 m\u00e1y fax \u0111\u01b0\u1ee3c g\u1eedi \u0111\u1ebfn kh\u00e1ch h\u00e0ng qua file email \u0111\u00ednh k\u00e8m.<\/p><\/div><div class=\"service\"><h4 class=\"service-type\">Cung c\u1ea5p s\u1ed1 \u0111i\u1ec7n tho\u1ea1i<\/h4><p class=\"service-description\">Cung c\u1ea5p s\u1ed1 \u0111i\u1ec7n tho\u1ea1i c\u1ed1 \u0111\u1ecbnh. S\u1ed1 \u0111i\u1ec7n tho\u1ea1i s\u1ebd \u0111\u01b0\u1ee3c cung c\u1ea5p ngay khi \u0111\u0103ng k\u00fd. M\u1ed7i s\u1ed1 \u0111i\u1ec7n tho\u1ea1i ch\u1ec9 cung c\u1ea5p cho m\u1ed9t c\u00f4ng ty m\u00e0 th\u00f4i n\u00ean s\u1ebd kh\u00f4ng c\u00f3 vi\u1ec7c chia s\u1ebb s\u1ed1 \u0111i\u1ec7n tho\u1ea1i gi\u1eefa c\u00e1c c\u00f4ng ty.<\/p><\/div><div class=\"service\"><h4 class=\"service-type\">D\u1ecbch v\u1ee5 tr\u1ea3 l\u1eddi \u0111i\u1ec7n tho\u1ea1i ri\u00eang<\/h4><p class=\"service-description\">Tr\u1ea3 l\u1eddi cu\u1ed9c g\u1ecdi tr\u00ean danh ngh\u0129a l\u00e0 t\u00ean c\u00f4ng ty c\u1ee7a kh\u00e1ch h\u00e0ng ho\u1eb7c l\u00e0 theo h\u01b0\u1edbng d\u1eabn c\u1ee7a kh\u00e1ch h\u00e0ng.<\/p><\/div><div class=\"service\"><h4 class=\"service-type\">Chuy\u1ec3n l\u1eddi nh\u1eafn<\/h4><p class=\"service-description\">L\u1eddi nh\u1eafn s\u1ebd \u0111\u01b0\u1ee3c t\u1ef1 \u0111\u1ed9ng chuy\u1ec3n \u0111\u1ebfn h\u00e0ng kh\u00e1ch h\u00e0ng qua SMS, fax, E-mail.<\/p><\/div><div class=\"service\"><h4 class=\"service-type\">H\u1ed9p th\u01b0 tho\u1ea1i<\/h4><p class=\"service-description\">L\u1eddi nh\u1eafn s\u1ebd \u0111\u01b0\u1ee3c ph\u00e1t l\u1ea1i b\u1ea5t c\u1ee9 khi n\u00e0o kh\u00e1ch h\u00e0ng g\u1ecdi \u0111\u1ebfn trung t\u00e2m tin nh\u1eafn c\u1ee7a ch\u00fang t\u00f4i.<\/p><\/div><div class=\"service\"><h4 class=\"service-type\">Chuy\u1ec3n cu\u1ed9c g\u1ecdi<\/h4><p class=\"service-description\">Cu\u1ed9c g\u1ecdi \u0111\u1ebfn c\u00f3 th\u1ec3 \u0111\u01b0\u1ee3c chuy\u1ec3n \u0111\u1ebfn b\u1ea5t c\u1ee9 n\u01a1i n\u00e0o tr\u00ean th\u1ebf gi\u1edbi khi s\u1eed d\u1ee5ng h\u1ec7 th\u1ed1ng k\u1ebft n\u1ed1i c\u1ee7a ch\u00fang t\u00f4i.<\/p><\/div><h3 class=\"service-category\">S\u1eed d\u1ee5ng trung t\u00e2m<\/h3><div class=\"service\"><h4 class=\"service-type\">H\u1ed7 tr\u1ee3 kinh doanh<\/h4><p class=\"service-description\">S\u1eed d\u1ee5ng t\u1ea5t c\u1ea3 c\u00e1c d\u1ecbch v\u1ee5 kinh doanh nh\u01b0 ph\u00f2ng h\u1ecdp\/ ph\u00f2ng h\u1ed9i ngh\u1ecb, trang thi\u1ebft b\u1ecb,h\u1ed7 tr\u1ee3 thu\u00ea ngo\u00e0i, d\u1ecbch v\u1ee5 th\u01b0 k\u00fd v\u1edbi gi\u00e1 th\u00e0nh vi\u00ean \u01b0u \u0111\u00e3i.<\/p><\/div><div class=\"service\"><h4 class=\"service-type\">Nh\u00e2n vi\u00ean l\u1ec5 t\u00e2n chuy\u00ean nghi\u1ec7p<\/h4><p class=\"service-description\">\u0110\u1ed9i ng\u0169 l\u1ec5 t\u00e2n chuy\u00ean nghi\u1ec7p-d\u1ecbch v\u1ee5 l\u1ec5 t\u00e2n chuy\u00ean nghi\u1ec7p cho kh\u00e1ch h\u00e0ng c\u1ee7a qu\u00fd kh\u00e1ch.<\/p><\/div><div class=\"service\"><h4 class=\"service-type\">Trang thi\u1ebft b\u1ecb ph\u00f2ng h\u1ecdp\/ ph\u00f2ng h\u1ed9i ngh\u1ecb<\/h4><p class=\"service-description\">Ti\u1ebfp c\u1eadn v\u1edbi ph\u00f2ng Broadroom sang tr\u1ecdng c\u1ee7a ch\u00fang t\u00f4i\/ Ph\u00f2ng h\u1ecdp c\u00f3 s\u1ee9c ch\u1ee9a l\u00ean \u0111\u1ebfn 20 ng\u01b0\u1eddi.<\/p><\/div><\/div><div class=\"CH_table-small\"><div class=\"plan-name\">City Direct<\/div><h3 class=\"service-category\">\u0110\u1ecba ch\u1ec9 kinh doanh<\/h3><div class=\"service\"><h4 class=\"service-type\">\u0110\u1ecba ch\u1ec9 trung t\u00e2m uy t\u00edn<\/h4><p class=\"service-description\">M\u1ed9t \u0111\u1ecba ch\u1ec9 kinh doanh uy t\u00edn \u0111\u1eb7t tr\u00ean danh thi\u1ebfp c\u1ee7a kh\u00e1ch h\u00e0ng, wedsite, b\u00eca th\u01b0.<\/p><\/div><div class=\"service\"><h4 class=\"service-type\">Qu\u1ea3n l\u00fd th\u01b0 t\u1eeb\/ chuy\u1ec3n ph\u00e1t nhanh*<\/h4><p class=\"service-description\">Nh\u1eadn, g\u1eedi, qu\u1ea3n l\u00fd v\u00e0 x\u1eed l\u00fd th\u01b0 t\u1eeb, h\u00e0ng h\u00f3a, chuy\u1ec3n ph\u00e1t nhanh.<\/p><\/div><h3 class=\"service-category\">\u0110i\u1ec7n tho\u1ea1i, Fax v\u00e0 Trung t\u00e2m cu\u1ed9c g\u1ecdi<\/h3><div class=\"service\"><h4 class=\"service-type\">Line fax trung t\u00e2m<\/h4><p class=\"service-description\">S\u1eed d\u1ee5ng line  fax trung t\u00e2m c\u00f9ng v\u1edbi t\u1ea5t c\u1ea3 m\u00e1y fax \u0111\u01b0\u1ee3c g\u1eedi \u0111\u1ebfn kh\u00e1ch h\u00e0ng qua file email \u0111\u00ednh k\u00e8m.<\/p><\/div><div class=\"service\"><h4 class=\"service-type\">Cung c\u1ea5p s\u1ed1 \u0111i\u1ec7n tho\u1ea1i<\/h4><p class=\"service-description\">Cung c\u1ea5p s\u1ed1 \u0111i\u1ec7n tho\u1ea1i c\u1ed1 \u0111\u1ecbnh. S\u1ed1 \u0111i\u1ec7n tho\u1ea1i s\u1ebd \u0111\u01b0\u1ee3c cung c\u1ea5p ngay khi \u0111\u0103ng k\u00fd. M\u1ed7i s\u1ed1 \u0111i\u1ec7n tho\u1ea1i ch\u1ec9 cung c\u1ea5p cho m\u1ed9t c\u00f4ng ty m\u00e0 th\u00f4i n\u00ean s\u1ebd kh\u00f4ng c\u00f3 vi\u1ec7c chia s\u1ebb s\u1ed1 \u0111i\u1ec7n tho\u1ea1i gi\u1eefa c\u00e1c c\u00f4ng ty.<\/p><\/div><h3 class=\"service-category\">S\u1eed d\u1ee5ng trung t\u00e2m<\/h3><div class=\"service\"><h4 class=\"service-type\">H\u1ed7 tr\u1ee3 kinh doanh<\/h4><p class=\"service-description\">S\u1eed d\u1ee5ng t\u1ea5t c\u1ea3 c\u00e1c d\u1ecbch v\u1ee5 kinh doanh nh\u01b0 ph\u00f2ng h\u1ecdp\/ ph\u00f2ng h\u1ed9i ngh\u1ecb, trang thi\u1ebft b\u1ecb,h\u1ed7 tr\u1ee3 thu\u00ea ngo\u00e0i, d\u1ecbch v\u1ee5 th\u01b0 k\u00fd v\u1edbi gi\u00e1 th\u00e0nh vi\u00ean \u01b0u \u0111\u00e3i.<\/p><\/div><div class=\"service\"><h4 class=\"service-type\">Nh\u00e2n vi\u00ean l\u1ec5 t\u00e2n chuy\u00ean nghi\u1ec7p<\/h4><p class=\"service-description\">\u0110\u1ed9i ng\u0169 l\u1ec5 t\u00e2n chuy\u00ean nghi\u1ec7p-d\u1ecbch v\u1ee5 l\u1ec5 t\u00e2n chuy\u00ean nghi\u1ec7p cho kh\u00e1ch h\u00e0ng c\u1ee7a qu\u00fd kh\u00e1ch.<\/p><\/div><\/div><div class=\"CH_table-small\"><div class=\"plan-name\">City Connect<\/div><h3 class=\"service-category\">\u0110i\u1ec7n tho\u1ea1i, Fax v\u00e0 Trung t\u00e2m cu\u1ed9c g\u1ecdi<\/h3><div class=\"service\"><h4 class=\"service-type\">Cung c\u1ea5p s\u1ed1 \u0111i\u1ec7n tho\u1ea1i<\/h4><p class=\"service-description\">Cung c\u1ea5p s\u1ed1 \u0111i\u1ec7n tho\u1ea1i c\u1ed1 \u0111\u1ecbnh. S\u1ed1 \u0111i\u1ec7n tho\u1ea1i s\u1ebd \u0111\u01b0\u1ee3c cung c\u1ea5p ngay khi \u0111\u0103ng k\u00fd. M\u1ed7i s\u1ed1 \u0111i\u1ec7n tho\u1ea1i ch\u1ec9 cung c\u1ea5p cho m\u1ed9t c\u00f4ng ty m\u00e0 th\u00f4i n\u00ean s\u1ebd kh\u00f4ng c\u00f3 vi\u1ec7c chia s\u1ebb s\u1ed1 \u0111i\u1ec7n tho\u1ea1i gi\u1eefa c\u00e1c c\u00f4ng ty.<\/p><\/div><div class=\"service\"><h4 class=\"service-type\">D\u1ecbch v\u1ee5 tr\u1ea3 l\u1eddi \u0111i\u1ec7n tho\u1ea1i ri\u00eang<\/h4><p class=\"service-description\">Tr\u1ea3 l\u1eddi cu\u1ed9c g\u1ecdi tr\u00ean danh ngh\u0129a l\u00e0 t\u00ean c\u00f4ng ty c\u1ee7a kh\u00e1ch h\u00e0ng ho\u1eb7c l\u00e0 theo h\u01b0\u1edbng d\u1eabn c\u1ee7a kh\u00e1ch h\u00e0ng.<\/p><\/div><div class=\"service\"><h4 class=\"service-type\">Chuy\u1ec3n l\u1eddi nh\u1eafn<\/h4><p class=\"service-description\">L\u1eddi nh\u1eafn s\u1ebd \u0111\u01b0\u1ee3c t\u1ef1 \u0111\u1ed9ng chuy\u1ec3n \u0111\u1ebfn h\u00e0ng kh\u00e1ch h\u00e0ng qua SMS, fax, E-mail.<\/p><\/div><div class=\"service\"><h4 class=\"service-type\">H\u1ed9p th\u01b0 tho\u1ea1i<\/h4><p class=\"service-description\">L\u1eddi nh\u1eafn s\u1ebd \u0111\u01b0\u1ee3c ph\u00e1t l\u1ea1i b\u1ea5t c\u1ee9 khi n\u00e0o kh\u00e1ch h\u00e0ng g\u1ecdi \u0111\u1ebfn trung t\u00e2m tin nh\u1eafn c\u1ee7a ch\u00fang t\u00f4i.<\/p><\/div><div class=\"service\"><h4 class=\"service-type\">Chuy\u1ec3n cu\u1ed9c g\u1ecdi<\/h4><p class=\"service-description\">Cu\u1ed9c g\u1ecdi \u0111\u1ebfn c\u00f3 th\u1ec3 \u0111\u01b0\u1ee3c chuy\u1ec3n \u0111\u1ebfn b\u1ea5t c\u1ee9 n\u01a1i n\u00e0o tr\u00ean th\u1ebf gi\u1edbi khi s\u1eed d\u1ee5ng h\u1ec7 th\u1ed1ng k\u1ebft n\u1ed1i c\u1ee7a ch\u00fang t\u00f4i.<\/p><\/div><h3 class=\"service-category\">S\u1eed d\u1ee5ng trung t\u00e2m<\/h3><div class=\"service\"><h4 class=\"service-type\">H\u1ed7 tr\u1ee3 kinh doanh<\/h4><p class=\"service-description\">S\u1eed d\u1ee5ng t\u1ea5t c\u1ea3 c\u00e1c d\u1ecbch v\u1ee5 kinh doanh nh\u01b0 ph\u00f2ng h\u1ecdp\/ ph\u00f2ng h\u1ed9i ngh\u1ecb, trang thi\u1ebft b\u1ecb,h\u1ed7 tr\u1ee3 thu\u00ea ngo\u00e0i, d\u1ecbch v\u1ee5 th\u01b0 k\u00fd v\u1edbi gi\u00e1 th\u00e0nh vi\u00ean \u01b0u \u0111\u00e3i.<\/p><\/div><\/div><div class=\"CH_table-small\"><div class=\"plan-name\">City Conference<\/div><h3 class=\"service-category\">S\u1eed d\u1ee5ng trung t\u00e2m<\/h3><div class=\"service\"><h4 class=\"service-type\">H\u1ed7 tr\u1ee3 kinh doanh<\/h4><p class=\"service-description\">S\u1eed d\u1ee5ng t\u1ea5t c\u1ea3 c\u00e1c d\u1ecbch v\u1ee5 kinh doanh nh\u01b0 ph\u00f2ng h\u1ecdp\/ ph\u00f2ng h\u1ed9i ngh\u1ecb, trang thi\u1ebft b\u1ecb,h\u1ed7 tr\u1ee3 thu\u00ea ngo\u00e0i, d\u1ecbch v\u1ee5 th\u01b0 k\u00fd v\u1edbi gi\u00e1 th\u00e0nh vi\u00ean \u01b0u \u0111\u00e3i.<\/p><\/div><div class=\"service\"><h4 class=\"service-type\">Nh\u00e2n vi\u00ean l\u1ec5 t\u00e2n chuy\u00ean nghi\u1ec7p<\/h4><p class=\"service-description\">\u0110\u1ed9i ng\u0169 l\u1ec5 t\u00e2n chuy\u00ean nghi\u1ec7p-d\u1ecbch v\u1ee5 l\u1ec5 t\u00e2n chuy\u00ean nghi\u1ec7p cho kh\u00e1ch h\u00e0ng c\u1ee7a qu\u00fd kh\u00e1ch.<\/p><\/div><div class=\"service\"><h4 class=\"service-type\">Trang thi\u1ebft b\u1ecb ph\u00f2ng h\u1ecdp\/ ph\u00f2ng h\u1ed9i ngh\u1ecb<\/h4><p class=\"service-description\">Ti\u1ebfp c\u1eadn v\u1edbi ph\u00f2ng Broadroom sang tr\u1ecdng c\u1ee7a ch\u00fang t\u00f4i\/ Ph\u00f2ng h\u1ecdp c\u00f3 s\u1ee9c ch\u1ee9a l\u00ean \u0111\u1ebfn 20 ng\u01b0\u1eddi.<\/p><\/div><\/div><\/div>\n","protected":false},"excerpt":{"rendered":"<p>T\u1eadn h\u01b0\u1edfng trang thi\u1ebft b\u1ecb v\u00e0 t\u1ea5t c\u1ea3 m\u1ecdi h\u1ed7 tr\u1ee3 c\u1ea7n thi\u1ebft c\u1ee7a m\u1ed9t v\u0103n ph\u00f2ng d\u1ecbch v\u1ee5 m\u00e0 kh\u00f4ng c\u1ea7n m\u1ed9t kh\u00f4ng gian v\u1eadt l\u00fd hay chi ph\u00ed th\u00eam n\u00e0o. <a class=\"more-link\" href=\"https:\/\/www.cityhub.com.sg\/vi\/our-services-vn\/virtual-office-vn\/\">\u0111\u1ecdc th\u00eam \u00bb<\/a><\/p>","protected":false},"author":2,"featured_media":1200,"parent":868,"menu_order":2,"comment_status":"closed","ping_status":"closed","template":"","meta":{"_acf_changed":false,"_genesis_hide_title":false,"_genesis_hide_breadcrumbs":false,"_genesis_hide_singular_image":false,"_genesis_hide_footer_widgets":false,"_genesis_custom_body_class":"","_genesis_custom_post_class":"","_genesis_layout":"","footnotes":""},"class_list":{"0":"post-874","1":"page","2":"type-page","3":"status-publish","4":"has-post-thumbnail","6":"entry"},"acf":[],"_links":{"self":[{"href":"https:\/\/www.cityhub.com.sg\/vi\/wp-json\/wp\/v2\/pages\/874","targetHints":{"allow":["GET"]}}],"collection":[{"href":"https:\/\/www.cityhub.com.sg\/vi\/wp-json\/wp\/v2\/pages"}],"about":[{"href":"https:\/\/www.cityhub.com.sg\/vi\/wp-json\/wp\/v2\/types\/page"}],"author":[{"embeddable":true,"href":"https:\/\/www.cityhub.com.sg\/vi\/wp-json\/wp\/v2\/users\/2"}],"replies":[{"embeddable":true,"href":"https:\/\/www.cityhub.com.sg\/vi\/wp-json\/wp\/v2\/comments?post=874"}],"version-history":[{"count":6,"href":"https:\/\/www.cityhub.com.sg\/vi\/wp-json\/wp\/v2\/pages\/874\/revisions"}],"predecessor-version":[{"id":1862,"href":"https:\/\/www.cityhub.com.sg\/vi\/wp-json\/wp\/v2\/pages\/874\/revisions\/1862"}],"up":[{"embeddable":true,"href":"https:\/\/www.cityhub.com.sg\/vi\/wp-json\/wp\/v2\/pages\/868"}],"wp:featuredmedia":[{"embeddable":true,"href":"https:\/\/www.cityhub.com.sg\/vi\/wp-json\/wp\/v2\/media\/1200"}],"wp:attachment":[{"href":"https:\/\/www.cityhub.com.sg\/vi\/wp-json\/wp\/v2\/media?parent=874"}],"curies":[{"name":"wp","href":"https:\/\/api.w.org\/{rel}","templated":true}]}}