{"id":879,"date":"2016-03-18T14:47:31","date_gmt":"2016-03-18T06:47:31","guid":{"rendered":"http:\/\/testsite101.com\/cityhub_new\/vi\/?page_id=879"},"modified":"2018-10-04T16:24:16","modified_gmt":"2018-10-04T08:24:16","slug":"business-outsource-vn","status":"publish","type":"page","link":"https:\/\/www.cityhub.com.sg\/vi\/our-services-vn\/business-outsource-vn\/","title":{"rendered":"D\u1ecbch v\u1ee5 kinh doanh thu\u00ea ngo\u00e0i"},"content":{"rendered":"<p>Nh\u1eefng ch\u1ee9c n\u0103ng kh\u00e1c h\u1ed5 tr\u1ee3 kinh doanh nh\u01b0 tr\u1ea3 l\u1eddi \u0111i\u1ec7n tho\u1ea1i, k\u1ebf to\u00e1n, l\u00e0m b\u1ea3ng t\u00ednh l\u01b0\u01a1ng, qu\u1ea3n l\u00fd nh\u00e2n s\u1ef1, th\u01b0 k\u00fd, v\u00e0 d\u1ecbch v\u1ee5 tuy\u1ec3n d\u1ee5ng\u2026b\u1ea1n c\u00f3 th\u1ec3 giao cho ch\u00fang t\u00f4i. Vi\u1ec7c thu\u00ea ngo\u00e0i c\u00e1c ch\u1ee9c n\u0103ng n\u00e0y, b\u1ea1n c\u00f3 th\u1ec3 ti\u1ebft ki\u1ec7m th\u1eddi gian, chi ph\u00ed cho c\u00f4ng ty h\u01a1n l\u00e0 thu\u00ea nh\u00e2n vi\u00ean c\u1ee7a nh\u1eefng h\u1ed5 tr\u1ee3 nh\u1eefng ch\u1ee9c n\u0103ng n\u00eau tr\u00ean. B\u1ea1n c\u00f3 th\u1ec3 th\u00e0nh l\u1eadp v\u0103n ph\u00f2ng c\u00f4ng ty v\u00e0 \u0111i v\u00e0o ho\u1ea1t \u0111\u1ed9ng nhanh ch\u00f3ng m\u00e0 kh\u00f4ng ph\u1ea3i lo l\u1eafng v\u00ec kh\u00f4ng c\u00f3 \u201ch\u1eadu ph\u01b0\u01a1ng\u201d h\u1ed5 tr\u1ee3.<\/p>\n<div class=\"expand-section\">\n<h3 class=\"expand-heading\">Nh\u00e2n vi\u00ean l\u1ec5 t\u00e2n \u1ea3o<\/h3>\n<div class=\"expandcontent\">\nD\u1ecbch v\u1ee5 tr\u1ea3 l\u1eddi \u0111i\u1ec7n tho\u1ea1i chuy\u00ean nghi\u1ec7p. B\u1ea1n kh\u00f4ng c\u00f2n ph\u1ea3i lo l\u1eafng cho vi\u1ec7c s\u1eafp x\u1ebfp nh\u00e2n vi\u00ean thay ca l\u00e0m vi\u1ec7c trong th\u1eddi gian ngh\u1ec9 tr\u01b0a, ho\u1eb7c khi nh\u00e2n vi\u00ean ngh\u1ec9 ph\u00e9p, ngh\u1ec9 \u1ed1m.\n<\/div>\n<\/div>\n<div class=\"expand-section\">\n<h3 class=\"expand-heading\">Nh\u00e2n vi\u00ean k\u1ebf to\u00e1n \u1ea3o<\/h3>\n<div class=\"expandcontent\">\nGhi s\u1ed5 c\u00e1i, ghi ch\u00e9p c\u00e1c nghi\u1ec7p v\u1ee5 ph\u00e1t sinh, l\u00e0m b\u00e1o c\u00e1o t\u00e0i ch\u00ednh, b\u00e1o c\u00e1o thu\u1ebf, t\u00ednh c\u00e1c kho\u1ea3n kh\u1ea5u tr\u1eeb thu\u1ebf theo qu\u00fd.<\/p>\n<p><strong>C\u00e1c nghi\u1ec7p v\u1ee5 nh\u01b0:<\/strong><\/p>\n<ul>\n<li>L\u1eadp b\u1ea3n c\u00e2n \u0111\u1ed1i k\u1ebf to\u00e1n<\/li>\n<li>B\u00e1o c\u00e1o t\u00ecnh h\u00ecnh l\u1eddi l\u1ed7 c\u1ee7a c\u00f4ng ty<\/li>\n<li>L\u1eadp b\u1ea3ng c\u00e2n \u0111\u1ed1i doanh thu<\/li>\n<li>C\u00e2n \u0111\u1ed1i t\u00e0i kho\u1ea3n ng\u00e2n h\u00e0ng<\/li>\n<li>Theo d\u00f5i c\u00f4ng n\u1ee3 ph\u1ea3i tr\u1ea3<\/li>\n<li>Theo d\u00f5i c\u00f4ng n\u1ee3 ph\u1ea3i thu<\/li>\n<li>L\u1eadp t\u1edd khai Thu\u1ebf VAT<\/li>\n<\/ul>\n<p><strong>Nh\u1eefng nghi\u1ec7p v\u1ee5 kh\u00e1c:<\/strong><\/p>\n<ul>\n<li>Ghi ch\u00e9p s\u1ed5 c\u00e1i<\/li>\n<li>S\u1ed5 ti\u1ec1n m\u1eb7t<\/li>\n<li>S\u1ed5 ti\u1ec1n m\u1eb7t cho nh\u1eefng kho\u1ea3n chi ti\u00eau kh\u00e1c<\/li>\n<li>S\u1ed5 c\u00e1i c\u00f4ng n\u1ee3 ph\u1ea3i tr\u1ea3<\/li>\n<li>S\u1ed5 c\u00e1i c\u00f4ng n\u1ee3 ph\u1ea3i thu<\/li>\n<li>\u0110\u0103ng k\u00fd v\u00e0 l\u1eadp b\u1ea3ng kh\u1ea5u hao t\u00e0i s\u1ea3n c\u1ed1 \u0111\u1ecbnh<\/li>\n<\/ul>\n<p><strong>C\u1eadp nh\u1eadt s\u1ed5 s\u00e1ch ch\u1ee9ng t\u1eeb:<\/strong><\/p>\n<ul>\n<li>H\u00f3a \u0111\u01a1n b\u00e1n h\u00e0ng<\/li>\n<li>H\u00f3a \u0111\u01a1n thu chi<\/li>\n<li>Ch\u1ee9ng t\u1eeb giao d\u1ecbch qua ng\u00e2n h\u00e0ng<\/li>\n<li>S\u1ed5 thu chi ti\u1ec1n m\u1eb7t<\/li>\n<li>L\u1eadp b\u1ea3ng l\u01b0\u01a1ng cho nh\u00e2n vi\u00ean (\u00edt h\u01a1n 10 nv)<\/li>\n<\/ul>\n<\/div>\n<\/div>\n<div class=\"expand-section\">\n<h3 class=\"expand-heading\">Qu\u1ea3n l\u00fd nh\u00e2n s\u1ef1<\/h3>\n<div class=\"expandcontent\">\nH\u1ed5 tr\u1ee3 kh\u00e1ch h\u00e0ng trong vi\u1ec7c qu\u1ea3n l\u00fd nh\u00e2n s\u1ef1 nh\u01b0, t\u00ednh l\u01b0\u01a1ng, CPF, b\u00e1o c\u00e1o thu\u1ebf, t\u00ednh ng\u00e0y ngh\u1ec9 ph\u00e9p\u2026l\u1eadp s\u1ed5 tay nh\u00e2n vi\u00ean, ph\u00e1t tri\u1ec3n chi\u1ebfn l\u01b0\u1ee3c qu\u1ea3n l\u00fd nh\u00e2n s\u1ef1, \u0111\u00e0o t\u1ea1o, \u0111\u1ecbnh h\u01b0\u1edbng cho nh\u00e2n vi\u00ean.<\/p>\n<p><strong>Ch\u00ednh s\u00e1ch nh\u00e2n s\u1ef1<\/strong><\/p>\n<ul>\n<li>Xem x\u00e9t, ch\u1ec9nh s\u1eeda n\u1ed9i dung cho ph\u00f9 h\u1ee3p v\u1edbi ch\u00ednh s\u00e1ch nh\u00e2n s\u1ef1 c\u1ee7a t\u1eebng c\u00f4ng ty<\/li>\n<li>C\u1eadp nh\u1eadt th\u00eam th\u00f4ng tin c\u1ea7n thi\u1ebft trong s\u1ed5 tay gi\u00e0nh cho nh\u00e2n vi\u00ean<\/li>\n<\/ul>\n<p><strong>K\u1ebf ho\u1ea1ch \u0111\u00e0o t\u1ea1o nh\u00e2n vi\u00ean<\/strong><\/p>\n<ul>\n<li>Th\u1ea3o lu\u1eadn v\u1edbi tr\u01b0\u1edfng c\u00e1c ph\u00f2ng ban \u0111\u1ec3 x\u00e1c \u0111\u1ecbnh nh\u1eefng k\u1ef9 n\u0103ng v\u00e0 ki\u1ebfn th\u1ee9c c\u1ea7n thi\u1ebft cho c\u00e1c v\u1ecb tr\u00ed t\u01b0\u01a1ng \u1ee9ng<\/li>\n<li>L\u1eadp ra ch\u01b0\u01a1ng tr\u00ecnh \u0111\u00e0o t\u1ea1o ph\u00f9 h\u1ee3p cho t\u1eebng c\u00f4ng vi\u1ec7c<\/li>\n<\/ul>\n<p><strong>Qu\u1ea3n l\u00fd ngu\u1ed3n nh\u00e2n l\u1ef1c: c\u1eadp nh\u1eadt th\u00f4ng tin<\/strong><\/p>\n<ul>\n<li>Cung c\u1ea5p\/ c\u1eadp nh\u1eadt nh\u1eefng th\u00f4ng tin, nh\u1eefng thay \u0111\u1ed5i v\u1ec1 lu\u1eadt lao \u0111\u1ed9ng cho doanh nghi\u1ec7p<\/li>\n<\/ul>\n<p><strong>CityRecruit: Tuy\u1ec3n d\u1ee5ng<\/strong><\/p>\n<ul>\n<li>\u0110\u0103ng tuy\u1ec3n d\u1ee5ng tr\u00ean c\u00e1c ph\u01b0\u01a1ng ti\u1ec7n truy\u1ec1n th\u00f4ng<\/li>\n<li>Li\u00ean k\u1ebft v\u1edbi c\u00e1c trung t\u00e2m gi\u1edbi thi\u1ec7u vi\u1ec7c l\u00e0m<\/li>\n<li>S\u1eafp x\u1ebfp l\u1ecbch ph\u1ecfng v\u1ea5n cho c\u1ea5p tr\u00ean<\/li>\n<li>Ti\u1ebfn h\u00e0nh nh\u1eefng b\u01b0\u1edbc ki\u1ec3m tra c\u1ea7n thi\u1ebft<\/li>\n<li>Chu\u1ea9n b\u1ecb h\u1ee3p \u0111\u1ed3ng lao \u0111\u1ed9ng<\/li>\n<li>X\u00e1c nh\u1eadn nh\u1eefng th\u00f4ng tin c\u00e1 nh\u00e2n m\u00e0 \u1ee9ng vi\u00ean cung c\u1ea5p c\u00f3 ch\u00ednh x\u00e1c hay kh\u00f4ng (nh\u01b0 t\u00ecnh tr\u1ea1ng s\u1ee9c kh\u1ecfe, m\u1ee9c l\u01b0\u01a1ng t\u1ea1i c\u00f4ng ty c\u1ee7 m\u00e0 \u1ee9ng vi\u00ean cung c\u1ea5p)<\/li>\n<li>L\u1eadp h\u1ed3 s\u01a1 c\u00e1 nh\u00e2n ri\u00eang cho t\u1eebng \u1ee9ng vi\u00ean \u0111\u01b0\u1ee3c ch\u1ecdn<\/li>\n<\/ul>\n<p><strong>CityImmigration: Xu\u1ea5t nh\u1eadp c\u1ea3nh<\/strong><\/p>\n<ul>\n<li>Xin Visa\/Work Pass cho ng\u01b0\u1eddi n\u01b0\u1edbc ngo\u00e0i l\u00e0m vi\u1ec7c t\u1ea1i Vi\u1ec7t Nam \/Singapore<\/li>\n<li>Theo d\u00f5i vi\u1ec7c gia h\u1ea1n visa\/Work pass cho nh\u00e2n vi\u00ean n\u01b0\u1edbc ngo\u00e0i<\/li>\n<\/ul>\n<p><strong>B\u1ea3ng t\u00ednh l\u01b0\u01a1ng &#038; Qu\u1ea3n l\u00fd ng\u00e0y ngh\u1ec9 ph\u00e9p<\/strong><\/p>\n<ul>\n<li>B\u1ea3ng t\u00ednh l\u01b0\u01a1ng h\u00e0ng th\u00e1ng &#038; n\u1ed9p CPF<\/li>\n<li>H\u1ee3p \u0111\u1ed3ng lao \u0111\u1ed9ng<\/li>\n<li>S\u1ed5 tay nh\u00e2n vi\u00ean<\/li>\n<\/ul>\n<p><strong>Ph\u00fac l\u1ee3i<\/strong><\/p>\n<ul>\n<li>Theo d\u00f5i b\u1ea3ng t\u1ed5ng h\u1ee3p s\u1ed1 ng\u00e0y ngh\u1ec9 c\u1ee7a nh\u00e2n vi\u00ean sau \u0111\u00f3 g\u1eedi b\u00e1o c\u00e1o \u0111\u1ebfn gi\u00e1m \u0111\u1ed1c c\u00e1c ph\u00f2ng ban<\/li>\n<li>Theo d\u00f5i vi\u1ec7c s\u1eed d\u1ee5ng nh\u1eefng ch\u00ednh s\u00e1ch ph\u00fac l\u1ee3i gi\u00e0nh cho nh\u00e2n vi\u00ean. (vd. Ch\u1ebf \u0111\u1ed9 ngh\u1ec9 b\u1ec7nh)<\/li>\n<\/ul>\n<p><strong>\u0110\u00e0o t\u1ea1o, n\u00e2ng cao nghi\u1ec7p v\u1ee5<\/strong><\/p>\n<ul>\n<li>\u0110\u0103ng k\u00fd c\u00e1c kh\u00f3a \u0111\u00e0o t\u1ea1o cho nh\u00e2n vi\u00ean, ghi nh\u1eadn c\u00e1c ch\u1ee9ng ch\u1ec9 m\u00e0 nh\u00e2n vi\u00ean \u0111\u1ea1t \u0111\u01b0\u1ee3c<\/li>\n<li>L\u00ean ng\u00e2n s\u00e1ch cho chi ph\u00ed \u0111\u00e0o t\u1ea1o<\/li>\n<\/ul>\n<p><strong>B\u00e1o c\u00e1o<\/strong><\/p>\n<ul>\n<li>Ghi nh\u1eadn ng\u00e0y sinh c\u1ee7a nh\u00e2n vi\u00ean trong c\u00f4ng ty<\/li>\n<li>Ghi nh\u00e2n s\u1ed1 ng\u00e0y ph\u00e9p c\u1ee7a nh\u00e2n vi\u00ean<\/li>\n<li>Ghi nh\u1eadn s\u1ed1 li\u1ec7u th\u00f4ng tin t\u1eeb MOM<\/li>\n<\/ul>\n<\/div>\n<\/div>\n<div class=\"expand-section\">\n<h3 class=\"expand-heading\">D\u1ecbch v\u1ee5 th\u01b0 k\u00fd \u1ea3o<\/h3>\n<div class=\"expandcontent\">\nX\u1eed l\u00fd c\u00e1c cu\u1ed9c g\u1ecdi, faxs, emails v\u00e0 c\u00e1c y\u00eau c\u1ea7u, qu\u1ea3n tr\u1ecb d\u1eef li\u1ec7u v\u00e0 c\u00e1c \u1ee9ng d\u1ee5ng, h\u1ed7 tr\u1ee3 g\u1eb7p g\u1ee1 nh\u01b0 \u0111\u1eb7t v\u00e9 m\u00e1y bay, s\u1eafp x\u1ebfp th\u1eddi gian, tham gia v\u00e0 ph\u1ed1i h\u1ee3p t\u1ea1i c\u00e1c \u0111\u1ecba \u0111i\u1ec3m h\u1ecdp.\n<\/div>\n<\/div>\n<div class=\"expand-section\">\n<h3 class=\"expand-heading\">D\u1ecbch v\u1ee5 tr\u1ea3 l\u1eddi \u0111i\u1ec7n tho\u1ea1i<\/h3>\n<div class=\"expandcontent\">\nT\u1ea1i t\u1ed5ng \u0111\u00e0i c\u1ee7a Cityhub, ch\u00fang t\u00f4i s\u1eed d\u1ee5ng c\u00f4ng ngh\u1ec7 hi\u1ec7n \u0111\u1ea1i v\u00e0 ti\u00ean ti\u1ebfn nh\u1ea5t \u0111\u1ec3 \u0111\u1ea3m b\u1ea3o s\u1ef1 \u0111i\u1ec1u h\u00e0nh nh\u1ecbp nh\u00e0ng cho t\u1ea5t c\u1ea3 c\u00e1c d\u1ecbch v\u1ee5 c\u1ee7a ch\u00fang t\u00f4i.Nh\u00e2n vi\u00ean t\u1ed5ng \u0111\u00e0i chuy\u00ean nghi\u1ec7p c\u1ee7a ch\u00fang t\u00f4i c\u00f9ng v\u1edbi h\u1ec7 th\u1ed1ng t\u1ed5ng \u0111\u00e0i \u0111\u1ea1t ti\u00eau chu\u1ea9n v\u00e0 h\u1ec7 th\u1ed1ng ph\u00e2n ph\u1ed1i cu\u1ed9c g\u1ecdi t\u1ef1 \u0111\u1ed9ng nh\u1eb1m \u0111\u1ea3m b\u1ea3o d\u1ecbch v\u1ee5 tr\u1ea3 l\u1eddi \u0111i\u1ec7n tho\u1ea1i m\u1ed9t c\u00e1ch ri\u00eang t\u01b0 v\u00e0 li\u1ec1n m\u1ea1ch nh\u1ea5t. Kh\u00e1ch h\u00e0ng kh\u00f4ng c\u1ea7n ph\u1ea3i \u0111\u1ea7u t\u01b0 m\u1ed9t s\u1ed1 ti\u1ec1n l\u1edbn \u0111\u1ec3 thi\u1ebft l\u1eadp c\u01a1 s\u1edf h\u1ea1 t\u1ea7ng cho h\u1ec7 th\u1ed1ng t\u1ed5ng \u0111\u00e0i b\u1edfi v\u00ec \u0111\u1ed9i ng\u0169 nh\u00e2n vi\u00ean t\u1ed5ng \u0111\u00e0i chuy\u00ean nghi\u1ec7p v\u00e0 hi\u1ec7u qu\u1ea3 c\u1ee7a ch\u00fang t\u00f4i s\u1ebd cung c\u1ea5p m\u1ed9t li\u00ean l\u1ea1c c\u1ee5 th\u1ec3 cho c\u00e1c \u0111\u1ed1i t\u00e1c kinh doanh c\u1ee7a kh\u00e1ch h\u00e0ng \u0111\u1ec3 c\u00f3 th\u1ec3 duy tr\u00ec li\u00ean l\u1ea1c m\u1ed9t c\u00e1ch tr\u1ef1c ti\u1ebfp, hi\u1ec7u qu\u1ea3 v\u00e0 chuy\u00ean nghi\u1ec7p.<\/p>\n<p><strong>T\u1ed5ng \u0111\u00e0i CityHub<\/strong><br \/>\nHo\u1ea1t \u0111\u1ed9ng 5 ng\u00e0y trong tu\u1ea7n, h\u1ec7 th\u1ed1ng t\u1ed5ng \u0111\u00e0i c\u1ee7a ch\u00fang t\u00f4i \u0111\u01b0\u1ee3c trang b\u1ecb h\u1ec7 th\u1ed1ng ph\u00e2n ph\u1ed1i cu\u1ed9c g\u1ecdi t\u1ef1 \u0111\u1ed9ng gi\u00fap ch\u00fang t\u00f4i nh\u1eadn c\u00e1c cu\u1ed9c g\u1ecdi \u0111\u1ebfn m\u1ed9t c\u00e1ch hi\u1ec7u qu\u1ea3 nh\u1ea5t.<\/p>\n<p><strong>Nh\u00e2n vi\u00ean t\u1ed5ng \u0111\u00e0i<\/strong><br \/>\nNh\u00e2n vi\u00ean t\u1ed5ng \u0111\u00e0i c\u1ee7a ch\u00fang t\u00f4i \u0111\u01b0\u1ee3c \u0111\u00e0o t\u1ea1o chuy\u00ean nghi\u1ec7p \u0111\u1ec3 tr\u1ea3 l\u1eddi c\u00e1c cu\u1ed9c g\u1ecdi t\u1eeb kh\u00e1ch h\u00e0ng c\u1ee7a b\u1ea1n.<\/p>\n<p><strong>Trong n\u01b0\u1edbc<\/strong><\/p>\n<ul>\n<li>D\u1ecbch v\u1ee5 th\u01b0 k\u00fd, l\u1ec5 t\u00e2n \u1ea3o<\/li>\n<li>B\u00e1o c\u00e1o cho kh\u00e1ch h\u00e0ng nh\u1eefng ghi nh\u1eadn t\u1eeb cu\u1ed9c g\u1ecdi \u0111\u1ebfn<\/li>\n<li>Nh\u1eadn \u0111\u1eb7t h\u00e0ng<\/li>\n<li>D\u1ecbch v\u1ee5 h\u1ed7 tr\u1ee3 kh\u00e1ch h\u00e0ng qua \u0111i\u1ec7n tho\u1ea1i<\/li>\n<li>\u0110\u1eb7t ph\u00f2ng h\u1ecdp<\/li>\n<\/ul>\n<\/div>\n<\/div>\n<div class=\"expand-section\">\n<h3 class=\"expand-heading\">Nh\u1eefng gi\u1ea3i ph\u00e1p kinh doanh<\/h3>\n<div class=\"expandcontent\">\n\u0110i\u1ec1u h\u00e0nh v\u00e0 m\u1edf r\u1ed9ng kinh doanh c\u1ee7a b\u1ea1n \u0111\u00f2i h\u1ecfi s\u1ef1 h\u1ed7 tr\u1ee3 t\u1eeb sales, marketing v\u00e0 d\u1ecbch v\u1ee5 kh\u00e1ch h\u00e0ng, v\u1edbi \u0111\u1ed9i ng\u0169 nh\u00e2n vi\u00ean nhi\u1ec1u kinh nghi\u1ec7m v\u00e0 chuy\u00ean nghi\u1ec7p c\u1ee7a ch\u00fang t\u00f4i s\u1ebd h\u1ed7 tr\u1ee3 b\u1ea1n trong vi\u1ec7c theo d\u00f5i t\u1eebng khu v\u1ef1c \u1edf nhi\u1ec1u ph\u1ea1m vi kh\u00e1c nhau v\u00e0 ph\u00e2n kh\u00fac th\u1ecb tr\u01b0\u1eddng.<\/p>\n<ul>\n<li>\u0110\u0103ng k\u00fd c\u01a1 s\u1edf kinh doanh<\/li>\n<li>D\u1ecbch v\u1ee5 th\u01b0 k\u00fd c\u00f4ng ty<\/li>\n<li>K\u1ebf ho\u1ea1ch kinh doanh cho \u1ee9ng d\u1ee5ng Entre Pass<\/li>\n<li>Chi\u1ebfn l\u01b0\u1ee3c \u0111\u00e1nh gi\u00e1 v\u00e0 th\u00e2m nh\u1eadp th\u1ecb tr\u01b0\u1eddng<\/li>\n<li>X\u00e2y d\u1ef1ng Th\u01b0\u01a1ng hi\u1ec7u v\u00e0 khuy\u1ebfn m\u00e3i<\/li>\n<li>S\u00e1ng t\u1ea1o v\u00e0 qu\u1ea3n l\u00fd s\u1ef1 ki\u1ec7n<\/li>\n<li>Nghi\u00ean c\u1ee9u th\u1ecb tr\u01b0\u1eddng, mua s\u1eafm b\u00ed m\u1eadt v\u00e0 ki\u1ec3m to\u00e1n b\u00e1n l\u1ebb<\/li>\n<li>Ch\u01b0\u01a1ng tr\u00ecnh kh\u00e1ch h\u00e0ng th\u00e2n thi\u1ebft<\/li>\n<li>\u1ee8ng d\u1ee5ng d\u1eef li\u1ec7u kh\u00e1ch h\u00e0ng( internet &#038; \u0111i\u1ec7n tho\u1ea1i di \u0111\u1ed9ng)<\/li>\n<\/ul>\n<\/div>\n<\/div>\n","protected":false},"excerpt":{"rendered":"<p>Cung c\u1ea5p ch\u1ee9c n\u0103ng h\u1ed7 tr\u1ee3 kinh doanh nh\u01b0 d\u1ecbch v\u1ee5 tr\u1ea3 l\u1eddi \u0111i\u1ec7n tho\u1ea1i, k\u1ebf to\u00e1n, t\u00ednh l\u01b0\u01a1ng, nh\u00e2n s\u1ef1 v\u00e0 nhi\u1ec1u ch\u1ee9c n\u0103ng h\u1ed7 tr\u1ee3 kinh doanh kh\u00e1c. <a class=\"more-link\" href=\"https:\/\/www.cityhub.com.sg\/vi\/our-services-vn\/business-outsource-vn\/\">\u0111\u1ecdc th\u00eam \u00bb<\/a><\/p>","protected":false},"author":2,"featured_media":1248,"parent":868,"menu_order":3,"comment_status":"closed","ping_status":"closed","template":"","meta":{"_acf_changed":false,"_genesis_hide_title":false,"_genesis_hide_breadcrumbs":false,"_genesis_hide_singular_image":false,"_genesis_hide_footer_widgets":false,"_genesis_custom_body_class":"","_genesis_custom_post_class":"","_genesis_layout":"","footnotes":""},"class_list":{"0":"post-879","1":"page","2":"type-page","3":"status-publish","4":"has-post-thumbnail","6":"entry"},"acf":[],"_links":{"self":[{"href":"https:\/\/www.cityhub.com.sg\/vi\/wp-json\/wp\/v2\/pages\/879","targetHints":{"allow":["GET"]}}],"collection":[{"href":"https:\/\/www.cityhub.com.sg\/vi\/wp-json\/wp\/v2\/pages"}],"about":[{"href":"https:\/\/www.cityhub.com.sg\/vi\/wp-json\/wp\/v2\/types\/page"}],"author":[{"embeddable":true,"href":"https:\/\/www.cityhub.com.sg\/vi\/wp-json\/wp\/v2\/users\/2"}],"replies":[{"embeddable":true,"href":"https:\/\/www.cityhub.com.sg\/vi\/wp-json\/wp\/v2\/comments?post=879"}],"version-history":[{"count":7,"href":"https:\/\/www.cityhub.com.sg\/vi\/wp-json\/wp\/v2\/pages\/879\/revisions"}],"predecessor-version":[{"id":1876,"href":"https:\/\/www.cityhub.com.sg\/vi\/wp-json\/wp\/v2\/pages\/879\/revisions\/1876"}],"up":[{"embeddable":true,"href":"https:\/\/www.cityhub.com.sg\/vi\/wp-json\/wp\/v2\/pages\/868"}],"wp:featuredmedia":[{"embeddable":true,"href":"https:\/\/www.cityhub.com.sg\/vi\/wp-json\/wp\/v2\/media\/1248"}],"wp:attachment":[{"href":"https:\/\/www.cityhub.com.sg\/vi\/wp-json\/wp\/v2\/media?parent=879"}],"curies":[{"name":"wp","href":"https:\/\/api.w.org\/{rel}","templated":true}]}}