{"id":882,"date":"2016-03-18T15:02:36","date_gmt":"2016-03-18T07:02:36","guid":{"rendered":"http:\/\/testsite101.com\/cityhub_new\/vi\/?page_id=882"},"modified":"2018-10-04T16:06:49","modified_gmt":"2018-10-04T08:06:49","slug":"conference-facilities-vn","status":"publish","type":"page","link":"https:\/\/www.cityhub.com.sg\/vi\/our-services-vn\/conference-facilities-vn\/","title":{"rendered":"Thi\u1ebft b\u1ecb h\u1ed9i ngh\u1ecb"},"content":{"rendered":"<p><strong>M\u00f4i tr\u01b0\u1eddng ho\u00e0n h\u1ea3o cho thuy\u1ebft tr\u00ecnh v\u00e0 h\u1ed9i ngh\u1ecb<\/strong><br \/>\nCityhub c\u00f3 nhi\u1ec1u k\u00edch c\u1ee1 ph\u00f2ng h\u1ecdp nh\u01b0 meeting rooms, broadrooms, v\u00e0 thi\u1ebft b\u1ecb h\u1ed9i ngh\u1ecb truy\u1ec1n h\u00ecnh s\u1ebd l\u00e0 l\u1ef1a ch\u1ecdn l\u00fd t\u01b0\u1edfng cho nh\u1eefng cu\u1ed9c h\u1ecdp quan tr\u1ecdng, nh\u1eefng bu\u1ed5i ph\u1ecfng v\u1ea5n, nh\u1eefng bu\u1ed5i hu\u1ea5n luy\u1ec7n v\u00e0 c\u00e1c bu\u1ed5i thuy\u1ebft tr\u00ecnh kinh doanh c\u1ee7a qu\u00fd kh\u00e1ch h\u00e0ng.<\/p>\n<p>Ph\u00f2ng h\u1ecdp c\u1ee7a ch\u00fang t\u00f4i \u0111\u01b0\u1ee3c trang b\u1ecb g\u00f3i internet t\u1ed1c \u0111\u1ed9 cao \u0111\u00e1ng tin c\u1eady, thi\u1ebft b\u1ecb \u00e2m thanh h\u00ecnh \u1ea3nh tinh x\u1ea3o, overhead v\u00e0 m\u00e1y chi\u1ebfu LCD, m\u00e0n h\u00ecnh, b\u1ea3ng vi\u1ebft, TV \u0111\u1ec3 \u0111\u00e1p \u1ee9ng t\u1ea5t c\u1ea3 c\u00e1c y\u00eau c\u1ea7u c\u1ee7a b\u1ea1n v\u1ec1 ph\u00f2ng h\u1ecdp, ph\u00f2ng h\u1ed9i th\u1ea3o.<\/p>\n<h3>Boardrooms<\/h3>\n\r\n\t<div class=\"slideshow_container slideshow_container_style-light\" style=\" \" data-slideshow-id=\"185\" data-style-name=\"style-light\" data-style-version=\"2.3.1\" >\r\n\r\n\t\t\t\t\t<div class=\"slideshow_loading_icon\"><\/div>\r\n\t\t\r\n\t\t<div class=\"slideshow_content\" style=\"display: none;\">\r\n\r\n\t\t\t<div class=\"slideshow_view\">\r\n\t\t\t\t<div class=\"slideshow_slide slideshow_slide_image\">\r\n\t\t\t\t\t\t\t\t\t\t\t<img src=\"https:\/\/www.cityhub.com.sg\/wp-content\/uploads\/sites\/6\/2016\/05\/MeetingRoom.jpg\" alt=\"MeetingRoom\" width=\"2096\" height=\"1177\" \/>\r\n\t\t\t\t\t\t\t\t\t\t<div class=\"slideshow_description_box slideshow_transparent\">\r\n\t\t\t\t\t\t\t\t\t\t\t\t\t\t\t\t\t<\/div>\r\n\t\t\t\t<\/div>\r\n\r\n\t\t\t\t\t\t<div style=\"clear: both;\"><\/div><\/div><div class=\"slideshow_view\">\r\n\t\t\t\t<div class=\"slideshow_slide slideshow_slide_image\">\r\n\t\t\t\t\t\t\t\t\t\t\t<img src=\"https:\/\/www.cityhub.com.sg\/wp-content\/uploads\/sites\/6\/2015\/12\/Conference_NgeeAnn.jpg\" alt=\"Conference_NgeeAnn\" width=\"1600\" height=\"993\" \/>\r\n\t\t\t\t\t\t\t\t\t\t<div class=\"slideshow_description_box slideshow_transparent\">\r\n\t\t\t\t\t\t\t\t\t\t\t\t\t\t\t\t\t<\/div>\r\n\t\t\t\t<\/div>\r\n\r\n\t\t\t\t\t\t<div style=\"clear: both;\"><\/div><\/div><div class=\"slideshow_view\">\r\n\t\t\t\t<div class=\"slideshow_slide slideshow_slide_image\">\r\n\t\t\t\t\t\t\t\t\t\t\t<img src=\"https:\/\/www.cityhub.com.sg\/wp-content\/uploads\/sites\/6\/2015\/12\/Boardroom01_39A9062.jpg\" alt=\"Boardroom01_39A9062\" width=\"1600\" height=\"1067\" \/>\r\n\t\t\t\t\t\t\t\t\t\t<div class=\"slideshow_description_box slideshow_transparent\">\r\n\t\t\t\t\t\t<div class=\"slideshow_title\">Boardroom01_39A9062<\/div>\t\t\t\t\t\t\t\t\t\t\t<\/div>\r\n\t\t\t\t<\/div>\r\n\r\n\t\t\t\t\t\t<div style=\"clear: both;\"><\/div><\/div><div class=\"slideshow_view\">\r\n\t\t\t\t<div class=\"slideshow_slide slideshow_slide_image\">\r\n\t\t\t\t\t\t\t\t\t\t\t<img src=\"https:\/\/www.cityhub.com.sg\/wp-content\/uploads\/sites\/6\/2015\/12\/Boardroom02_058.jpg\" alt=\"Boardroom02_058\" width=\"1600\" height=\"1067\" \/>\r\n\t\t\t\t\t\t\t\t\t\t<div class=\"slideshow_description_box slideshow_transparent\">\r\n\t\t\t\t\t\t<div class=\"slideshow_title\">Boardroom02_058<\/div>\t\t\t\t\t\t\t\t\t\t\t<\/div>\r\n\t\t\t\t<\/div>\r\n\r\n\t\t\t\t\t\t<div style=\"clear: both;\"><\/div><\/div>\r\n\t\t<\/div>\r\n\r\n\t\t<div class=\"slideshow_controlPanel slideshow_transparent\" style=\"display: none;\"><ul><li class=\"slideshow_togglePlay\" data-play-text=\"Play\" data-pause-text=\"Pause\"><\/li><\/ul><\/div>\r\n\r\n\t\t<div class=\"slideshow_button slideshow_previous slideshow_transparent\" role=\"button\" data-previous-text=\"Previous\" style=\"display: none;\"><\/div>\r\n\t\t<div class=\"slideshow_button slideshow_next slideshow_transparent\" role=\"button\" data-next-text=\"Next\" style=\"display: none;\"><\/div>\r\n\r\n\t\t<div class=\"slideshow_pagination\" style=\"display: none;\" data-go-to-text=\"Go to slide\"><div class=\"slideshow_pagination_center\"><\/div><\/div>\r\n\r\n\t\t<!-- WordPress Slideshow Version 2.3.1 -->\r\n\r\n\t\t\t<\/div>\r\n\r\n\n<hr\/>\n<h3>Meeting Rooms<\/h3>\n\r\n\t<div class=\"slideshow_container slideshow_container_style-light\" style=\" \" data-slideshow-id=\"186\" data-style-name=\"style-light\" data-style-version=\"2.3.1\" >\r\n\r\n\t\t\t\t\t<div class=\"slideshow_loading_icon\"><\/div>\r\n\t\t\r\n\t\t<div class=\"slideshow_content\" style=\"display: none;\">\r\n\r\n\t\t\t<div class=\"slideshow_view\">\r\n\t\t\t\t<div class=\"slideshow_slide slideshow_slide_image\">\r\n\t\t\t\t\t\t\t\t\t\t\t<img src=\"https:\/\/www.cityhub.com.sg\/wp-content\/uploads\/sites\/6\/2016\/05\/ConferenceRoom2.jpg\" alt=\"ConferenceRoom2\" width=\"2097\" height=\"1247\" \/>\r\n\t\t\t\t\t\t\t\t\t\t<div class=\"slideshow_description_box slideshow_transparent\">\r\n\t\t\t\t\t\t\t\t\t\t\t\t\t\t\t\t\t<\/div>\r\n\t\t\t\t<\/div>\r\n\r\n\t\t\t\t\t\t<div style=\"clear: both;\"><\/div><\/div><div class=\"slideshow_view\">\r\n\t\t\t\t<div class=\"slideshow_slide slideshow_slide_image\">\r\n\t\t\t\t\t\t\t\t\t\t\t<img src=\"https:\/\/www.cityhub.com.sg\/wp-content\/uploads\/sites\/6\/2015\/12\/MeetingRoom02_39A9293.jpg\" alt=\"MeetingRoom02_39A9293\" width=\"1600\" height=\"1067\" \/>\r\n\t\t\t\t\t\t\t\t\t\t<div class=\"slideshow_description_box slideshow_transparent\">\r\n\t\t\t\t\t\t\t\t\t\t\t\t\t\t\t\t\t<\/div>\r\n\t\t\t\t<\/div>\r\n\r\n\t\t\t\t\t\t<div style=\"clear: both;\"><\/div><\/div>\r\n\t\t<\/div>\r\n\r\n\t\t<div class=\"slideshow_controlPanel slideshow_transparent\" style=\"display: none;\"><ul><li class=\"slideshow_togglePlay\" data-play-text=\"Play\" data-pause-text=\"Pause\"><\/li><\/ul><\/div>\r\n\r\n\t\t<div class=\"slideshow_button slideshow_previous slideshow_transparent\" role=\"button\" data-previous-text=\"Previous\" style=\"display: none;\"><\/div>\r\n\t\t<div class=\"slideshow_button slideshow_next slideshow_transparent\" role=\"button\" data-next-text=\"Next\" style=\"display: none;\"><\/div>\r\n\r\n\t\t<div class=\"slideshow_pagination\" style=\"display: none;\" data-go-to-text=\"Go to slide\"><div class=\"slideshow_pagination_center\"><\/div><\/div>\r\n\r\n\t\t<!-- WordPress Slideshow Version 2.3.1 -->\r\n\r\n\t\t\t<\/div>\r\n\r\n\n","protected":false},"excerpt":{"rendered":"<p>S\u00e1ng t\u1ea1o \u00fd t\u01b0\u1edfng t\u1ea1i ph\u00f2ng boardroom, meeting room v\u00e0 ph\u00f2ng lounges c\u1ee7a ch\u00fang t\u00f4i, t\u1ea5t c\u1ea3 \u0111\u1ec1u \u0111\u01b0\u1ee3c trang b\u1ecb b\u1edfi c\u00e1c thi\u1ebft b\u1ecb nghe nh\u00ecn tinh vi v\u00e0 thi\u1ebft b\u1ecb h\u1ed9i ngh\u1ecb vi\u1ec5n th\u00f4ng ti\u00ean ti\u1ebfn. <a class=\"more-link\" href=\"https:\/\/www.cityhub.com.sg\/vi\/our-services-vn\/conference-facilities-vn\/\">\u0111\u1ecdc th\u00eam \u00bb<\/a><\/p>","protected":false},"author":1,"featured_media":1542,"parent":868,"menu_order":4,"comment_status":"closed","ping_status":"closed","template":"","meta":{"_acf_changed":false,"_genesis_hide_title":false,"_genesis_hide_breadcrumbs":false,"_genesis_hide_singular_image":false,"_genesis_hide_footer_widgets":false,"_genesis_custom_body_class":"","_genesis_custom_post_class":"","_genesis_layout":"","footnotes":""},"class_list":{"0":"post-882","1":"page","2":"type-page","3":"status-publish","4":"has-post-thumbnail","6":"entry"},"acf":[],"_links":{"self":[{"href":"https:\/\/www.cityhub.com.sg\/vi\/wp-json\/wp\/v2\/pages\/882","targetHints":{"allow":["GET"]}}],"collection":[{"href":"https:\/\/www.cityhub.com.sg\/vi\/wp-json\/wp\/v2\/pages"}],"about":[{"href":"https:\/\/www.cityhub.com.sg\/vi\/wp-json\/wp\/v2\/types\/page"}],"author":[{"embeddable":true,"href":"https:\/\/www.cityhub.com.sg\/vi\/wp-json\/wp\/v2\/users\/1"}],"replies":[{"embeddable":true,"href":"https:\/\/www.cityhub.com.sg\/vi\/wp-json\/wp\/v2\/comments?post=882"}],"version-history":[{"count":4,"href":"https:\/\/www.cityhub.com.sg\/vi\/wp-json\/wp\/v2\/pages\/882\/revisions"}],"predecessor-version":[{"id":1872,"href":"https:\/\/www.cityhub.com.sg\/vi\/wp-json\/wp\/v2\/pages\/882\/revisions\/1872"}],"up":[{"embeddable":true,"href":"https:\/\/www.cityhub.com.sg\/vi\/wp-json\/wp\/v2\/pages\/868"}],"wp:featuredmedia":[{"embeddable":true,"href":"https:\/\/www.cityhub.com.sg\/vi\/wp-json\/wp\/v2\/media\/1542"}],"wp:attachment":[{"href":"https:\/\/www.cityhub.com.sg\/vi\/wp-json\/wp\/v2\/media?parent=882"}],"curies":[{"name":"wp","href":"https:\/\/api.w.org\/{rel}","templated":true}]}}