{"id":886,"date":"2016-03-18T15:08:54","date_gmt":"2016-03-18T07:08:54","guid":{"rendered":"http:\/\/testsite101.com\/cityhub_new\/vi\/?page_id=886"},"modified":"2018-10-03T13:46:04","modified_gmt":"2018-10-03T05:46:04","slug":"video-conferencing","status":"publish","type":"page","link":"https:\/\/www.cityhub.com.sg\/vi\/our-services-vn\/conference-facilities-vn\/video-conferencing\/","title":{"rendered":"H\u1ed9i ngh\u1ecb truy\u1ec1n h\u00ecnh ( Video conferencing )"},"content":{"rendered":"<p>Trong giai \u0111o\u1ea1n to\u00e0n c\u1ea7u h\u00f3a nh\u01b0 hi\u1ec7n nay, h\u1ed9i ngh\u1ecb truy\u1ec1n h\u00ecnh \u0111ang nhanh ch\u00f3ng thay \u0111\u1ed5i c\u00e1ch ch\u00fang ta k\u1ebft n\u1ed1i v\u00e0 l\u00e0m vi\u1ec7c v\u1edbi nhau . CityHub t\u1ea1i , ch\u00fang t\u00f4i hi\u1ec3u t\u1ea7m quan tr\u1ecdng c\u1ee7a th\u00f4ng tin li\u00ean l\u1ea1c nhanh ch\u00f3ng v\u00e0 kh\u1ea3 n\u0103ng m\u1ea1ng ngay l\u1eadp t\u1ee9c , v\u00e0 v\u00ec v\u1eady ch\u00fang t\u00f4i c\u1ed1 g\u1eafng cung c\u1ea5p cho kh\u00e1ch h\u00e0ng nh\u1eefng c\u00f4ng ngh\u1ec7 c\u1ea7n thi\u1ebft cho m\u1ed9t l\u1ee3i th\u1ebf c\u1ea1nh tranh trong th\u1ebf gi\u1edbi kinh doanh \u0111\u00f2i h\u1ecfi cao.<\/p>\n<p>H\u1ed9i ngh\u1ecb truy\u1ec1n h\u00ecnh c\u1ee7a Cityhub \u0111\u01b0\u1ee3c cung c\u1ea5p b\u1edfi Pexip Infinity.\u0110\u00f3 l\u00e0 n\u1ebfn t\u1ea3ng m\u1edf r\u1ed9ng cu\u1ed9c h\u1ecdp  m\u00e0 cung c\u1ea5p c\u00e1ch \u0111\u01a1n gi\u1ea3n v\u00e0 d\u1ec5 d\u00e0ng \u0111\u1ec3 g\u1eb7p g\u1ee1 tr\u00ean video.Lu\u00f4n lu\u00f4n c\u00f3 s\u1eb5n v\u00e0 lu\u00f4n lu\u00f4n truy c\u1eadp ad-hoc ho\u1eb7c l\u1ecbch h\u1ecdp, ph\u00f2ng h\u1ecdp Pexip \u1ea3o c\u00f3 th\u1ec3 bi\u1ebft \u0111\u01b0\u1ee3c bao nhi\u00eau ng\u01b0\u1eddi t\u1eeb bao nhi\u00eau lo\u1ea1i thi\u1ebft b\u1ecb, thu th\u1eadp \u0111\u01a1n gi\u1ea3n hi\u1ec7u qu\u1ea3 v\u00e0 chia s\u1ebb \u00fd ki\u1ebfn.<\/p>\n<a href=\"https:\/\/www.cityhub.com.sg\/wp-content\/uploads\/sites\/6\/2015\/09\/pexip_videoconferencing1.png\"><img loading=\"lazy\" decoding=\"async\" src=\"https:\/\/www.cityhub.com.sg\/wp-content\/uploads\/sites\/6\/2015\/09\/pexip_videoconferencing1.png\" alt=\"Cityhub Video Conferencing, powered by Pexip\" width=\"843\" height=\"843\" class=\"alignnone size-full wp-image-192\" srcset=\"https:\/\/www.cityhub.com.sg\/wp-content\/uploads\/sites\/6\/2015\/09\/pexip_videoconferencing1.png 843w, https:\/\/www.cityhub.com.sg\/wp-content\/uploads\/sites\/6\/2015\/09\/pexip_videoconferencing1-150x150.png 150w, https:\/\/www.cityhub.com.sg\/wp-content\/uploads\/sites\/6\/2015\/09\/pexip_videoconferencing1-300x300.png 300w\" sizes=\"auto, (max-width: 843px) 100vw, 843px\" \/><\/a>\n<p><strong>D\u1ec5 d\u00e0ng s\u1eed d\u1ee5ng, d\u1ec5 d\u00e0ng th\u00edch nghi<\/strong><br \/>\nNg\u01b0\u1eddi lao \u0111\u1ed9ng l\u00e0m vi\u1ec7c b\u1eb1ng c\u00e1ch s\u1eed d\u1ee5ng nh\u1eefng c\u00f4ng c\u1ee5 v\u00e0 thi\u1ebft b\u1ecb m\u00e0 h\u1ecd bi\u1ebft. Kh\u00f4ng c\u1ea7n b\u1ea5t c\u1ee9 m\u1ed9t kh\u00f3a hu\u1ea5n luy\u1ec7n c\u0169ng nh\u01b0 kh\u00f4ng ph\u1ea3i m\u1ea5t b\u1ea5t k\u1ef3 chi ph\u00ed n\u00e0o \u0111\u1ec3 n\u00e2ng c\u1ea5p ph\u1ea7n m\u1ec1m hay ph\u1ea7n c\u1ee9ng n\u00e0o c\u1ea3.<\/p>\n<p><strong>Chi ph\u00ed h\u1ee3p l\u00fd cung c\u1ea5p video cho m\u1ecdi ng\u01b0\u1eddi<\/strong><br \/>\nH\u1ea1n ch\u1ebf \u0111\u00e1ng k\u1ec3 vi\u1ec7c s\u1eed d\u1ee5ng b\u0103ng th\u00f4ng v\u00e0 chi ph\u00ed tri\u1ec3n khai \u0111\u1ec3 cho ph\u00e9p m\u1ecdi ng\u01b0\u1eddi s\u1eed d\u1ee5ng video \u0111\u1ed9 ph\u00e2n gi\u1ea3i cao, web v\u00e0 audio conferencing.<\/p>\n<p><strong>T\u1eeb h\u1ed9i ngh\u1ecb truy\u1ec1n h\u00ecnh \u0111\u1ebfn h\u1ed9i ngh\u1ecb truy\u1ec1n h\u00ecnh<\/strong><br \/>\nCho ph\u00e9p m\u1ed9t c\u00e1ch \u0111\u01a1n gi\u1ea3n b\u1ea5t k\u1ef3 H323 v\u00e0 SIP c\u0169 hay m\u1edbi d\u1ef1a tr\u00ean h\u1ec7 th\u1ed1ng video \u0111\u1ec3 k\u1ebft n\u1ed1i li\u00ean t\u1ee5c t\u1edbi Microsoft Lync,WebRTC, \u00e2m thanh v\u00e0 c\u00e1c gi\u1ea3i ph\u00e1p h\u1ed9i ngh\u1ecb kh\u00e1c.<\/p>\n<p><strong>T\u00edch h\u1ee3p Lync v\u1edbi nh\u1eefng c\u00e1i kh\u00e1c<\/strong><br \/>\nM\u1edf r\u1ed9ng t\u00ednh n\u0103ng c\u1ee7a Microsofl Lync v\u1edbi kh\u1ea3 n\u0103ng t\u01b0\u01a1ng t\u00e1c, \u0111\u00e1p \u1ee9ng gi\u1edbi h\u1ea1n k\u00edch th\u01b0\u1edbc, ch\u1ecdn l\u1ef1a b\u1ed1 tr\u00ed, chia s\u1ebb thuy\u1ebft tr\u00ecnh tr\u00ean n\u1ec1n t\u1ea3ng cross v\u00e0 h\u01a1n th\u1ebf n\u1eefa.<\/p>\n","protected":false},"excerpt":{"rendered":"<p>Trong giai \u0111o\u1ea1n to\u00e0n c\u1ea7u h\u00f3a nh\u01b0 hi\u1ec7n nay, h\u1ed9i ngh\u1ecb truy\u1ec1n h\u00ecnh \u0111ang nhanh ch\u00f3ng thay \u0111\u1ed5i c\u00e1ch ch\u00fang ta k\u1ebft n\u1ed1i v\u00e0 l\u00e0m vi\u1ec7c v\u1edbi nhau . CityHub [&hellip;] <a class=\"more-link\" href=\"https:\/\/www.cityhub.com.sg\/vi\/our-services-vn\/conference-facilities-vn\/video-conferencing\/\">\u0111\u1ecdc th\u00eam \u00bb<\/a><\/p>","protected":false},"author":2,"featured_media":0,"parent":882,"menu_order":0,"comment_status":"closed","ping_status":"closed","template":"","meta":{"_acf_changed":false,"_genesis_hide_title":false,"_genesis_hide_breadcrumbs":false,"_genesis_hide_singular_image":false,"_genesis_hide_footer_widgets":false,"_genesis_custom_body_class":"","_genesis_custom_post_class":"","_genesis_layout":"","footnotes":""},"class_list":{"0":"post-886","1":"page","2":"type-page","3":"status-publish","5":"entry"},"acf":[],"_links":{"self":[{"href":"https:\/\/www.cityhub.com.sg\/vi\/wp-json\/wp\/v2\/pages\/886","targetHints":{"allow":["GET"]}}],"collection":[{"href":"https:\/\/www.cityhub.com.sg\/vi\/wp-json\/wp\/v2\/pages"}],"about":[{"href":"https:\/\/www.cityhub.com.sg\/vi\/wp-json\/wp\/v2\/types\/page"}],"author":[{"embeddable":true,"href":"https:\/\/www.cityhub.com.sg\/vi\/wp-json\/wp\/v2\/users\/2"}],"replies":[{"embeddable":true,"href":"https:\/\/www.cityhub.com.sg\/vi\/wp-json\/wp\/v2\/comments?post=886"}],"version-history":[{"count":3,"href":"https:\/\/www.cityhub.com.sg\/vi\/wp-json\/wp\/v2\/pages\/886\/revisions"}],"predecessor-version":[{"id":1864,"href":"https:\/\/www.cityhub.com.sg\/vi\/wp-json\/wp\/v2\/pages\/886\/revisions\/1864"}],"up":[{"embeddable":true,"href":"https:\/\/www.cityhub.com.sg\/vi\/wp-json\/wp\/v2\/pages\/882"}],"wp:attachment":[{"href":"https:\/\/www.cityhub.com.sg\/vi\/wp-json\/wp\/v2\/media?parent=886"}],"curies":[{"name":"wp","href":"https:\/\/api.w.org\/{rel}","templated":true}]}}