{"id":888,"date":"2016-03-18T15:27:39","date_gmt":"2016-03-18T07:27:39","guid":{"rendered":"http:\/\/testsite101.com\/cityhub_new\/vi\/?page_id=888"},"modified":"2018-10-03T13:53:16","modified_gmt":"2018-10-03T05:53:16","slug":"secretarial-support-vn","status":"publish","type":"page","link":"https:\/\/www.cityhub.com.sg\/vi\/our-services-vn\/secretarial-support-vn\/","title":{"rendered":"D\u1ecbch v\u1ee5 th\u01b0 k\u00fd"},"content":{"rendered":"<p><strong>D\u1ecbch v\u1ee5 th\u01b0 k\u00fd<\/strong><br \/>\n\u0110\u00e1nh m\u00e1y, so\u1ea1n th\u1ea3o v\u0103n b\u1ea3n, l\u01b0u tr\u1eef h\u1ed3 s\u01a1, \u0111\u00f3ng g\u00e1y s\u00e1ch.<\/p>\n<p><strong>D\u1ecbch v\u1ee5 \u0111\u01b0a\/\u0111\u00f3n t\u1ea1i s\u00e2n bay<\/strong><br \/>\nN\u1ebfu b\u1ea1n c\u1ea7n d\u1ecbch v\u1ee5 \u0111\u01b0a \u0111\u00f3n t\u1ea1i s\u00e2n bay, ch\u00fang t\u00f4i c\u00f3 th\u1ec3 \u0111i\u1ec1u d\u1ecbch v\u1ee5 xe limousine chuy\u00ean nghi\u1ec7p, t\u1eadn t\u00ecnh ti\u1ebfp \u0111\u00f3n kh\u00e1ch h\u00e0ng c\u1ee7a b\u1ea1n.<\/p>\n<p><strong>Th\u1ee9c u\u1ed1ng<\/strong><br \/>\nMi\u1ec5n ph\u00ed cho kh\u00e1ch h\u00e0ng s\u1eed d\u1ee5ng v\u0103n ph\u00f2ng tr\u1ecdn g\u00f3i t\u1ea1i CityHub.<\/p>\n<p><strong>D\u1ecbch v\u1ee5 cung c\u1ea5p th\u1ee9c \u0103n\/\u0111\u1ed3 u\u1ed1ng cho ph\u00f2ng h\u1ecdp<\/strong><br \/>\nCh\u00fang t\u00f4i h\u1ed7 tr\u1ee3 trong vi\u1ec7c cung c\u1ea5p th\u1ee9c \u0103n\/u\u1ed1ng cho c\u00e1c bu\u1ed5i h\u1ecdp v\u1edbi chi ph\u00ed h\u1ee3p l\u00fd<\/p>\n<p><strong>D\u1ecbch v\u1ee5 h\u1ed7 tr\u1ee3<\/strong><br \/>\nB\u1ea5t c\u1ee9 khi n\u00e0o b\u1ea1n c\u1ea7n t\u00ecm m\u1ed9t c\u0103n h\u1ed9, tr\u01b0\u1eddng h\u1ecdc hay \u0111\u1eb7t kh\u00e1ch s\u1ea1n, ch\u00fang t\u00f4i \u0111\u1ec1u c\u00f3 th\u1ec3 h\u1ed7 tr\u1ee3.<\/p>\n<p><strong>D\u1ecbch v\u1ee5 chuy\u1ec3n ph\u00e1t nhanh<\/strong><br \/>\nFedex, DHL v\u00e0 d\u1ecbch v\u1ee5 chuy\u1ec3n ph\u00e1t nhanh trong n\u01b0\u1edbc, ch\u00fang t\u00f4i h\u1ed7 tr\u1ee3 chuy\u1ec3n ph\u00e1t b\u01b0u ph\u1ea9m c\u1ee7a b\u1ea1n trong th\u1eddi gian s\u1edbm nh\u1ea5t<\/p>\n<p><strong>Thu\u00ea thi\u1ebft b\u1ecb ph\u00f2ng h\u1ecdp<\/strong><br \/>\nCho thu\u00ea m\u00e1y chi\u1ebfu, m\u00e0n h\u00ecnh chi\u1ebfu, m\u00e1y in<\/p>\n<p><strong>Fax<\/strong><br \/>\n\u0110\u01b0\u1ee3c qu\u1ea3n l\u00fd v\u00e0 chuy\u1ec3n \u0111\u1ebfn v\u0103n ph\u00f2ng c\u1ee7a b\u1ea1n ngay khi nh\u1eadn \u0111\u01b0\u1ee3c ho\u1eb7c b\u1ea1n c\u00f3 th\u1ec3 ch\u1ecdn ph\u01b0\u01a1ng ph\u00e1p nh\u1eadn fax qua email<\/p>\n<p><strong>\u0110\u01b0\u1eddng truy\u1ec1n internet<\/strong><br \/>\nB\u0103ng th\u00f4ng c\u1ee7a ch\u00fang t\u00f4i cung c\u1ea5p m\u1ed9t \u0111\u01b0\u1eddng truy\u1ec1n Internet v\u1edbi t\u1ed1c \u0111\u1ed9 nhanh h\u01a1n b\u1ea5t k\u1ef3 nh\u00e0 cung c\u1ea5p d\u1ecbch v\u1ee5 n\u00e0o kh\u00e1c v\u00e0 quan tr\u1ecdng nh\u1ea5t l\u00e0 d\u1ecbch v\u1ee5 n\u00e0y c\u00f3 th\u1ec3 \u0111\u01b0\u1ee3c c\u00e0i \u0111\u1eb7t t\u1ea1i v\u0103n ph\u00f2ng c\u1ee7a b\u1ea1n ngay l\u1eadp t\u1ee9c. C\u00f3 nhi\u1ec1u g\u00f3i internet. v\u1edbi c\u00e1c t\u1ed1c \u0111\u1ed9 kh\u00e1c nhau ph\u00f9 h\u1ee3p v\u1edbi t\u1ea5t c\u1ea3 y\u00eau c\u1ea7u v\u1ec1 IT cho kh\u00e1ch h\u00e0ng.<\/p>\n<p><strong>D\u1ecbch v\u1ee5 IT<\/strong><br \/>\nNh\u00e2n vi\u00ean IT chuy\u00ean nghi\u1ec7p ph\u1ee5 v\u1ee5 t\u1eadn t\u00ecnh<\/p>\n<p><strong>D\u1ecbch v\u1ee5 qu\u1ea3n l\u00fd th\u01b0 t\u1eeb b\u01b0u ph\u1ea9m<\/strong><br \/>\nTh\u01b0\/b\u01b0u ph\u1ea9m \u0111\u01b0\u1ee3c nh\u1eadn\/chuy\u1ec3n \u0111\u1ebfn \u0111\u1ecba ch\u1ec9 m\u00e0 b\u1ea1n y\u00eau c\u1ea7u<\/p>\n<p><strong>B\u00e1o\/ t\u1ea1p ch\u00ed<\/strong><br \/>\nLu\u00f4n s\u1eb5n c\u00f3 Straits times, Business Times<\/p>\n<p><strong>Thi\u1ebft b\u1ecb v\u0103n ph\u00f2ng<\/strong><br \/>\nCh\u00fang t\u00f4i gi\u00fap kh\u00e1ch h\u00e0ng \u0111\u1eb7t mua c\u00e1c thi\u1ebft b\u1ecb v\u0103n ph\u00f2ng v\u1edbi chi ph\u00ed t\u1ed1t nh\u1ea5t<\/p>\n<p><strong>Ch\u1ed7 gi\u1eef xe<\/strong><br \/>\nVui l\u00f2ng li\u00ean h\u1ec7 nh\u00e2n vi\u00ean c\u1ee7a ch\u00fang t\u00f4i n\u1ebfu b\u1ea1n c\u00f3 nhu c\u1ea7u \u0111ang k\u00fd ch\u1ed5 gi\u1eef xe<\/p>\n<p><strong>D\u1ecbch v\u1ee5 photocopy\/ In \u1ea5n<\/strong><br \/>\nNh\u00e2n vi\u00ean ch\u00fang t\u00f4i lu\u00f4n s\u1eb5n s\u00e0ng h\u1ed5 tr\u1ee3 d\u1ecbch v\u1ee5 photo\/in \u1ea5n v\u1edbi chi ph\u00ed th\u1ea5p v\u00e0 gi\u00fap b\u1ea1n ti\u1ebft ki\u1ec7m th\u1eddi gian, \u0111\u1ea7u t\u01b0 nhi\u1ec1u th\u1eddi gian h\u01a1n cho c\u00f4ng vi\u1ec7c c\u1ee7a b\u1ea1n<\/p>\n<p><strong>Thu\u00ea k\u1ec7 cho thi\u1ebft b\u1ecb IT<\/strong><br \/>\nVui l\u00f2ng li\u00ean h\u1ec7 nh\u00e2n vi\u00ean c\u1ee7a ch\u00fang t\u00f4i \u0111\u1ec3 bi\u1ebft th\u00eam chi ti\u1ebft<\/p>\n<p><strong>Thu\u00ea ch\u1ed5<\/strong><br \/>\nB\u1ea1n c\u00f3 th\u1ec3 thu\u00ea m\u1ed9t di\u1ec7n t\u00edch nh\u1ecf \u0111\u1ec3 l\u01b0u tr\u1eef c\u00e1c h\u1ed3 s\u01a1, gi\u1ea5y t\u1edd kh\u00f4ng s\u1eed d\u1ee5ng th\u01b0\u1eddng xuy\u00ean. Vui l\u00f2ng li\u00ean h\u1ec7 nh\u00e2n vi\u00ean c\u1ee7a ch\u00fang t\u00f4i \u0111\u1ec3 bi\u1ebft th\u00eam chi ti\u1ebft<\/p>\n<p><strong>D\u1ecbch v\u1ee5 th\u00f4ng d\u1ecbch<\/strong><br \/>\nVui l\u00f2ng li\u00ean h\u1ec7 nh\u00e2n vi\u00ean c\u1ee7a ch\u00fang t\u00f4i \u0111\u1ec3 bi\u1ebft th\u00eam chi ti\u1ebft<\/p>\n<p><strong>D\u1ecbch v\u1ee5 du l\u1ecbch<\/strong><br \/>\nLi\u00ean h\u1ec7, \u0111\u1eb7t ph\u00f2ng kh\u00e1ch s\u1ea1n, \u0111\u1eb7t v\u00e9 m\u00e1y bay<\/p>\n<p><strong>H\u1ec7 th\u1ed1ng h\u1ed9p th\u01b0 tho\u1ea1i<\/strong><br \/>\nSau gi\u1edd l\u00e0m vi\u1ec7c, c\u00e1c cu\u1ed9c g\u1ecdi s\u1ebd \u0111\u01b0\u1ee3c ghi \u00e2m v\u00e0 l\u01b0u t\u1ea1i h\u1ed9p th\u01b0 tho\u1ea1i\u2026 Vui l\u00f2ng li\u00ean h\u1ec7 nh\u00e2n vi\u00ean c\u1ee7a ch\u00fang t\u00f4i \u0111\u1ec3 bi\u1ebft th\u00eam chi ti\u1ebft<\/p>\n<p><strong>Web-Hosting\/thi\u1ebft k\u1ebf trang web<\/strong><\/p>\n","protected":false},"excerpt":{"rendered":"<p>Tri\u1ec3n khai c\u00e1c d\u1ecbch v\u1ee5 ph\u1ee5 kh\u00e1c nh\u01b0 h\u1ed7 tr\u1ee3 qu\u1ea3n tr\u1ecb, \u0111\u01b0a \u0111\u00f3n s\u00e2n bay, d\u1ecbch v\u1ee5 in \u1ea5n v\u00e0 nh\u1eefng d\u1ecbch v\u1ee5 h\u1ed7 tr\u1ee3 kh\u00e1c. <a class=\"more-link\" href=\"https:\/\/www.cityhub.com.sg\/vi\/our-services-vn\/secretarial-support-vn\/\">\u0111\u1ecdc th\u00eam \u00bb<\/a><\/p>","protected":false},"author":2,"featured_media":1192,"parent":868,"menu_order":5,"comment_status":"closed","ping_status":"closed","template":"","meta":{"_acf_changed":false,"_genesis_hide_title":false,"_genesis_hide_breadcrumbs":false,"_genesis_hide_singular_image":false,"_genesis_hide_footer_widgets":false,"_genesis_custom_body_class":"","_genesis_custom_post_class":"","_genesis_layout":"","footnotes":""},"class_list":{"0":"post-888","1":"page","2":"type-page","3":"status-publish","4":"has-post-thumbnail","6":"entry"},"acf":[],"_links":{"self":[{"href":"https:\/\/www.cityhub.com.sg\/vi\/wp-json\/wp\/v2\/pages\/888","targetHints":{"allow":["GET"]}}],"collection":[{"href":"https:\/\/www.cityhub.com.sg\/vi\/wp-json\/wp\/v2\/pages"}],"about":[{"href":"https:\/\/www.cityhub.com.sg\/vi\/wp-json\/wp\/v2\/types\/page"}],"author":[{"embeddable":true,"href":"https:\/\/www.cityhub.com.sg\/vi\/wp-json\/wp\/v2\/users\/2"}],"replies":[{"embeddable":true,"href":"https:\/\/www.cityhub.com.sg\/vi\/wp-json\/wp\/v2\/comments?post=888"}],"version-history":[{"count":4,"href":"https:\/\/www.cityhub.com.sg\/vi\/wp-json\/wp\/v2\/pages\/888\/revisions"}],"predecessor-version":[{"id":1867,"href":"https:\/\/www.cityhub.com.sg\/vi\/wp-json\/wp\/v2\/pages\/888\/revisions\/1867"}],"up":[{"embeddable":true,"href":"https:\/\/www.cityhub.com.sg\/vi\/wp-json\/wp\/v2\/pages\/868"}],"wp:featuredmedia":[{"embeddable":true,"href":"https:\/\/www.cityhub.com.sg\/vi\/wp-json\/wp\/v2\/media\/1192"}],"wp:attachment":[{"href":"https:\/\/www.cityhub.com.sg\/vi\/wp-json\/wp\/v2\/media?parent=888"}],"curies":[{"name":"wp","href":"https:\/\/api.w.org\/{rel}","templated":true}]}}