{"id":890,"date":"2016-03-18T15:32:26","date_gmt":"2016-03-18T07:32:26","guid":{"rendered":"http:\/\/testsite101.com\/cityhub_new\/vi\/?page_id=890"},"modified":"2016-03-21T14:30:00","modified_gmt":"2016-03-21T06:30:00","slug":"interactive-whiteboard-vn","status":"publish","type":"page","link":"https:\/\/www.cityhub.com.sg\/vi\/our-services-vn\/interactive-whiteboard-vn\/","title":{"rendered":"B\u1ea3ng t\u01b0\u01a1ng t\u00e1c"},"content":{"rendered":"<p>B\u1ea3ng t\u01b0\u01a1ng t\u00e1c cung c\u1ea5p t\u1ea5t c\u1ea3 trong m\u1ed9t gi\u1ea3i ph\u00e1p c\u00f3 th\u1ec1 thay th\u1ebf cho m\u00e1y chi\u1ebfu ph\u00f2ng h\u1ecdp hi\u1ec7n nay.<\/p>\n<p>C\u00f3 h\u00ecnh \u1ea3nh s\u1eafc s\u1ea3o, \u0111\u1ed9 t\u01b0\u01a1ng ph\u1ea3n s\u1eafc n\u00e9t v\u00e0 cung c\u1ea5p kh\u1ea3 n\u0103ng \u0111\u1ecdc si\u00eau h\u1ea1n kh\u00f4ng l\u00e0m m\u1ecfi m\u1eaft c\u1ee7a b\u1ea1n. \u0110\u00e8n chi\u1ebfu \u0111\u01b0\u1ee3c thi\u1ebft k\u1ebf k\u00e9o d\u00e0i g\u1ea5p 16 l\u1ea7n v\u00e0 kh\u00f4ng t\u1ea1o ra nh\u1eefng b\u00f3ng m\u1edd ngo\u00e0i \u00fd mu\u1ed1n.<\/p>\n<p>C\u1ea3m gi\u00e1c tho\u1ea3i m\u00e1i s\u1eed d\u1ee5ng ng\u00f3n tay ho\u1eb7c c\u00e2y b\u00fat nh\u01b0 con tr\u1ecf c\u1ee7a b\u1ea1n. N\u00f3 cung c\u1ea5p \u1ee9ng d\u1ee5ng v\u1edbi 6 \u0111i\u1ec3m ch\u1ea1m c\u0169ng gi\u1ed1ng nh\u01b0 c\u1ea3m \u1ee9ng c\u1ee7a \u0111i\u1ec7n tho\u1ea1i th\u00f4ng minh v\u00ec n\u00f3 s\u00e1ng t\u1ea1o ra to\u00e0n b\u1ed9 c\u01a1 h\u1ed9i m\u1edbi cho b\u1ea5t k\u1ef3 m\u1ed9t bu\u1ed5i thuy\u1ebft trinh kinh doanh n\u00e0o, t\u01b0\u01a1ng t\u00e1c v\u00e0 c\u01a1 h\u1ed9i h\u1ecdc t\u1eadp theo nh\u00f3m.<br \/>\nK\u00edch th\u00edch th\u1ea3o lu\u1eadn v\u00e0 tham gia nh\u00f3m. N\u00f3 l\u00e0 m\u1ed9t c\u00f4ng c\u1ee5 r\u1ea5t hi\u1ec7u qu\u1ea3 trong vi\u1ec7c suy ngh\u0129 v\u00e0 h\u1ee3p t\u00e1c h\u1ecdc t\u1eadp, ghi ch\u00fa \u0111\u01b0\u1ee3c th\u1ef1c hi\u1ec7n tr\u00ean m\u00e0n h\u00ecnh, l\u01b0u l\u1ea1i \u0111\u1ec3 in, chia s\u1ebb v\u00e0 ph\u00e2n ph\u1ed1i th\u00f4ng qua m\u1ea1ng ho\u1eb7c email.<\/p>\n<img loading=\"lazy\" decoding=\"async\" src=\"https:\/\/www.cityhub.com.sg\/wp-content\/uploads\/sites\/6\/2015\/09\/Interactive_whiteboard-1024x1024.jpg\" alt=\"Interactive_whiteboard\" width=\"1024\" height=\"1024\" class=\"alignnone size-large wp-image-207\" srcset=\"https:\/\/www.cityhub.com.sg\/wp-content\/uploads\/sites\/6\/2015\/09\/Interactive_whiteboard-1024x1024.jpg 1024w, https:\/\/www.cityhub.com.sg\/wp-content\/uploads\/sites\/6\/2015\/09\/Interactive_whiteboard-150x150.jpg 150w, https:\/\/www.cityhub.com.sg\/wp-content\/uploads\/sites\/6\/2015\/09\/Interactive_whiteboard-300x300.jpg 300w, https:\/\/www.cityhub.com.sg\/wp-content\/uploads\/sites\/6\/2015\/09\/Interactive_whiteboard-768x768.jpg 768w\" sizes=\"auto, (max-width: 1024px) 100vw, 1024px\" \/>\n","protected":false},"excerpt":{"rendered":"<p>B\u1ea3ng t\u01b0\u01a1ng t\u00e1c cung c\u1ea5p t\u1ea5t c\u1ea3 ch\u1ec9 trong m\u1ed9t gi\u1ea3i ph\u00e1p l\u00e0 m\u1ed9t c\u00f4ng c\u1ee5 r\u1ea5t hi\u00eau qu\u1ea3 \u0111\u1ec3 t\u1eadp trung suy ngh\u0129 v\u00e0 t\u1eadp trung h\u1ecdc t\u1eadp. <a class=\"more-link\" href=\"https:\/\/www.cityhub.com.sg\/vi\/our-services-vn\/interactive-whiteboard-vn\/\">\u0111\u1ecdc th\u00eam \u00bb<\/a><\/p>","protected":false},"author":1,"featured_media":1547,"parent":868,"menu_order":6,"comment_status":"closed","ping_status":"closed","template":"","meta":{"_acf_changed":false,"_genesis_hide_title":false,"_genesis_hide_breadcrumbs":false,"_genesis_hide_singular_image":false,"_genesis_hide_footer_widgets":false,"_genesis_custom_body_class":"","_genesis_custom_post_class":"","_genesis_layout":"","footnotes":""},"class_list":{"0":"post-890","1":"page","2":"type-page","3":"status-publish","4":"has-post-thumbnail","6":"entry"},"acf":[],"_links":{"self":[{"href":"https:\/\/www.cityhub.com.sg\/vi\/wp-json\/wp\/v2\/pages\/890","targetHints":{"allow":["GET"]}}],"collection":[{"href":"https:\/\/www.cityhub.com.sg\/vi\/wp-json\/wp\/v2\/pages"}],"about":[{"href":"https:\/\/www.cityhub.com.sg\/vi\/wp-json\/wp\/v2\/types\/page"}],"author":[{"embeddable":true,"href":"https:\/\/www.cityhub.com.sg\/vi\/wp-json\/wp\/v2\/users\/1"}],"replies":[{"embeddable":true,"href":"https:\/\/www.cityhub.com.sg\/vi\/wp-json\/wp\/v2\/comments?post=890"}],"version-history":[{"count":1,"href":"https:\/\/www.cityhub.com.sg\/vi\/wp-json\/wp\/v2\/pages\/890\/revisions"}],"predecessor-version":[{"id":891,"href":"https:\/\/www.cityhub.com.sg\/vi\/wp-json\/wp\/v2\/pages\/890\/revisions\/891"}],"up":[{"embeddable":true,"href":"https:\/\/www.cityhub.com.sg\/vi\/wp-json\/wp\/v2\/pages\/868"}],"wp:featuredmedia":[{"embeddable":true,"href":"https:\/\/www.cityhub.com.sg\/vi\/wp-json\/wp\/v2\/media\/1547"}],"wp:attachment":[{"href":"https:\/\/www.cityhub.com.sg\/vi\/wp-json\/wp\/v2\/media?parent=890"}],"curies":[{"name":"wp","href":"https:\/\/api.w.org\/{rel}","templated":true}]}}